{"id":33644,"date":"2025-08-22T09:09:45","date_gmt":"2025-08-22T09:09:45","guid":{"rendered":"https:\/\/lapodsfactory.com\/nachhaltigkeit-und-qualitaet\/"},"modified":"2025-12-21T15:35:11","modified_gmt":"2025-12-21T15:35:11","slug":"nachhaltigkeit-und-qualitaet","status":"publish","type":"page","link":"https:\/\/www.lapodsfactory.com\/de\/nachhaltigkeit-und-qualitaet\/","title":{"rendered":"Nachhaltigkeit und Qualit\u00e4t"},"content":{"rendered":"\t\t<div data-elementor-type=\"wp-page\" data-elementor-id=\"33644\" class=\"elementor elementor-33644 elementor-27632\" data-elementor-post-type=\"page\">\n\t\t\t\t\t\t<section class=\"elementor-section elementor-top-section elementor-element elementor-element-72ab7770 elementor-section-height-min-height elementor-section-content-middle elementor-section-boxed elementor-section-height-default elementor-section-items-middle neuron-fixed-no\" data-id=\"72ab7770\" data-element_type=\"section\" data-e-type=\"section\" data-settings=\"{&quot;background_background&quot;:&quot;classic&quot;,&quot;ekit_has_onepagescroll_dot&quot;:&quot;yes&quot;}\">\n\t\t\t\t\t\t\t<div class=\"elementor-background-overlay\"><\/div>\n\t\t\t\t\t\t\t<div class=\"elementor-container elementor-column-gap-wide\">\n\t\t\t\t\t<div class=\"elementor-column elementor-col-100 elementor-top-column elementor-element elementor-element-4df2b99b\" data-id=\"4df2b99b\" data-element_type=\"column\" data-e-type=\"column\">\n\t\t\t<div class=\"elementor-widget-wrap elementor-element-populated\">\n\t\t\t\t\t\t<div class=\"elementor-element elementor-element-351675b8 elementor-widget elementor-widget-heading\" data-id=\"351675b8\" data-element_type=\"widget\" data-e-type=\"widget\" data-settings=\"{&quot;ekit_we_effect_on&quot;:&quot;none&quot;}\" data-widget_type=\"heading.default\">\n\t\t\t\t<div class=\"elementor-widget-container\">\n\t\t\t\t\t<h1 class=\"elementor-heading-title elementor-size-default\">Nachhaltigkeit und Qualit\u00e4t<\/h1>\t\t\t\t<\/div>\n\t\t\t\t<\/div>\n\t\t\t\t<div class=\"elementor-element elementor-element-47dd9d54 elementor-widget elementor-widget-text-editor\" data-id=\"47dd9d54\" data-element_type=\"widget\" data-e-type=\"widget\" data-settings=\"{&quot;ekit_we_effect_on&quot;:&quot;none&quot;}\" data-widget_type=\"text-editor.default\">\n\t\t\t\t<div class=\"elementor-widget-container\">\n\t\t\t\t\t\t\t\t\t<p>Wir sind der Wandel<\/p>\t\t\t\t\t\t\t\t<\/div>\n\t\t\t\t<\/div>\n\t\t\t\t\t<\/div>\n\t\t<\/div>\n\t\t\t\t\t<\/div>\n\t\t<\/section>\n\t\t<div class=\"elementor-element elementor-element-a405156 e-con-full e-flex neuron-fixed-no e-con e-parent\" data-id=\"a405156\" data-element_type=\"container\" data-e-type=\"container\" data-settings=\"{&quot;ekit_has_onepagescroll_dot&quot;:&quot;yes&quot;}\">\n\t\t<div class=\"elementor-element elementor-element-517a57b6 e-con-full e-flex neuron-fixed-no e-con e-child\" data-id=\"517a57b6\" data-element_type=\"container\" data-e-type=\"container\" data-settings=\"{&quot;ekit_has_onepagescroll_dot&quot;:&quot;yes&quot;}\">\n\t\t<div class=\"elementor-element elementor-element-7b3b9623 e-con-full e-flex neuron-fixed-no e-con e-child\" data-id=\"7b3b9623\" data-element_type=\"container\" data-e-type=\"container\" data-settings=\"{&quot;ekit_has_onepagescroll_dot&quot;:&quot;yes&quot;}\">\n\t\t<div class=\"elementor-element elementor-element-60f8079 e-con-full e-flex neuron-fixed-no e-con e-child\" data-id=\"60f8079\" data-element_type=\"container\" data-e-type=\"container\" data-settings=\"{&quot;ekit_has_onepagescroll_dot&quot;:&quot;yes&quot;}\">\n\t\t\t\t<\/div>\n\t\t<div class=\"elementor-element elementor-element-50553a05 e-con-full e-flex neuron-fixed-no e-con e-child\" data-id=\"50553a05\" data-element_type=\"container\" data-e-type=\"container\" data-settings=\"{&quot;ekit_has_onepagescroll_dot&quot;:&quot;yes&quot;}\">\n\t\t\t\t<div class=\"elementor-element elementor-element-5c2f4b3b elementor-widget elementor-widget-heading\" data-id=\"5c2f4b3b\" data-element_type=\"widget\" data-e-type=\"widget\" data-settings=\"{&quot;ekit_we_effect_on&quot;:&quot;none&quot;}\" data-widget_type=\"heading.default\">\n\t\t\t\t<div class=\"elementor-widget-container\">\n\t\t\t\t\t<h1 class=\"elementor-heading-title elementor-size-default\">UMWELTVERANTWORTUNG<\/h1>\t\t\t\t<\/div>\n\t\t\t\t<\/div>\n\t\t\t\t<div class=\"elementor-element elementor-element-5597e456 elementor-widget elementor-widget-text-editor\" data-id=\"5597e456\" data-element_type=\"widget\" data-e-type=\"widget\" data-settings=\"{&quot;ekit_we_effect_on&quot;:&quot;none&quot;}\" data-widget_type=\"text-editor.default\">\n\t\t\t\t<div class=\"elementor-widget-container\">\n\t\t\t\t\t\t\t\t\t<p>Bei LPF by Abstractview entwickeln wir umweltbewusste Schallschutzkabinen und halten dabei hohe Standards in Bezug auf Exzellenz und Qualit\u00e4t ein.<\/p>\t\t\t\t\t\t\t\t<\/div>\n\t\t\t\t<\/div>\n\t\t\t\t<\/div>\n\t\t<div class=\"elementor-element elementor-element-516e7c3e e-con-full e-flex neuron-fixed-no e-con e-child\" data-id=\"516e7c3e\" data-element_type=\"container\" data-e-type=\"container\" data-settings=\"{&quot;ekit_has_onepagescroll_dot&quot;:&quot;yes&quot;}\">\n\t\t\t\t<\/div>\n\t\t\t\t<\/div>\n\t\t\t\t<\/div>\n\t\t\t\t<\/div>\n\t\t\t\t<section class=\"elementor-section elementor-top-section elementor-element elementor-element-479e1aff elementor-section-content-middle elementor-section-boxed elementor-section-height-default elementor-section-height-default neuron-fixed-no\" data-id=\"479e1aff\" data-element_type=\"section\" data-e-type=\"section\" data-settings=\"{&quot;ekit_has_onepagescroll_dot&quot;:&quot;yes&quot;}\">\n\t\t\t\t\t\t<div class=\"elementor-container elementor-column-gap-default\">\n\t\t\t\t\t<div class=\"elementor-column elementor-col-33 elementor-top-column elementor-element elementor-element-128e5bff animated-slow elementor-invisible\" data-id=\"128e5bff\" data-element_type=\"column\" data-e-type=\"column\" data-settings=\"{&quot;animation&quot;:&quot;fadeInUp&quot;}\">\n\t\t\t<div class=\"elementor-widget-wrap elementor-element-populated\">\n\t\t\t\t\t\t<div class=\"elementor-element elementor-element-70a4254f elementor-widget elementor-widget-image\" data-id=\"70a4254f\" data-element_type=\"widget\" data-e-type=\"widget\" data-settings=\"{&quot;ekit_we_effect_on&quot;:&quot;none&quot;}\" data-widget_type=\"image.default\">\n\t\t\t\t<div class=\"elementor-widget-container\">\n\t\t\t\t\t\t\t\t\t\t\t\t\t\t\t<img fetchpriority=\"high\" decoding=\"async\" width=\"360\" height=\"360\" src=\"https:\/\/www.lapodsfactory.com\/wp-content\/uploads\/2025\/08\/img-1-sust-qual-360_360.webp\" class=\"attachment-full size-full wp-image-33641\" alt=\"\" srcset=\"https:\/\/www.lapodsfactory.com\/wp-content\/uploads\/2025\/08\/img-1-sust-qual-360_360.webp 360w, https:\/\/www.lapodsfactory.com\/wp-content\/uploads\/2025\/08\/img-1-sust-qual-360_360-150x150.webp 150w\" sizes=\"(max-width: 360px) 100vw, 360px\" \/>\t\t\t\t\t\t\t\t\t\t\t\t\t\t\t<\/div>\n\t\t\t\t<\/div>\n\t\t\t\t\t<\/div>\n\t\t<\/div>\n\t\t\t\t<div class=\"elementor-column elementor-col-66 elementor-top-column elementor-element elementor-element-3b130851 animated-slow elementor-invisible\" data-id=\"3b130851\" data-element_type=\"column\" data-e-type=\"column\" data-settings=\"{&quot;animation&quot;:&quot;fadeInUp&quot;,&quot;animation_delay&quot;:150}\">\n\t\t\t<div class=\"elementor-widget-wrap elementor-element-populated\">\n\t\t\t\t\t\t<div class=\"elementor-element elementor-element-5ed4c8cf elementor-widget elementor-widget-text-editor\" data-id=\"5ed4c8cf\" data-element_type=\"widget\" data-e-type=\"widget\" data-settings=\"{&quot;ekit_we_effect_on&quot;:&quot;none&quot;}\" data-widget_type=\"text-editor.default\">\n\t\t\t\t<div class=\"elementor-widget-container\">\n\t\t\t\t\t\t\t\t\t<p>Jedes Produkt wird aus langlebigen und nachhaltigen Materialien hergestellt und tr\u00e4gt so zu einer verantwortungsbewussteren Zukunft bei. Die verwendeten Rohstoffe sind unter anderem durch FSC und PEFC zertifiziert, was die Herkunft jedes einzelnen Materials garantiert. Dar\u00fcber hinaus entspricht der gesamte Verpackungsprozess den festgelegten Praktiken.<\/p>\t\t\t\t\t\t\t\t<\/div>\n\t\t\t\t<\/div>\n\t\t\t\t\t<\/div>\n\t\t<\/div>\n\t\t\t\t\t<\/div>\n\t\t<\/section>\n\t\t<div class=\"elementor-element elementor-element-ec57620 e-con-full e-flex neuron-fixed-no e-con e-parent\" data-id=\"ec57620\" data-element_type=\"container\" data-e-type=\"container\" data-settings=\"{&quot;ekit_has_onepagescroll_dot&quot;:&quot;yes&quot;}\">\n\t\t<div class=\"elementor-element elementor-element-0609230 e-con-full e-flex neuron-fixed-no e-con e-child\" data-id=\"0609230\" data-element_type=\"container\" data-e-type=\"container\" data-settings=\"{&quot;ekit_has_onepagescroll_dot&quot;:&quot;yes&quot;}\">\n\t\t<div class=\"elementor-element elementor-element-0d7325c e-con-full e-flex neuron-fixed-no e-con e-child\" data-id=\"0d7325c\" data-element_type=\"container\" data-e-type=\"container\" data-settings=\"{&quot;ekit_has_onepagescroll_dot&quot;:&quot;yes&quot;}\">\n\t\t<div class=\"elementor-element elementor-element-812f911 e-con-full e-flex neuron-fixed-no e-con e-child\" data-id=\"812f911\" data-element_type=\"container\" data-e-type=\"container\" data-settings=\"{&quot;ekit_has_onepagescroll_dot&quot;:&quot;yes&quot;}\">\n\t\t\t\t<\/div>\n\t\t<div class=\"elementor-element elementor-element-aaa1f64 e-con-full e-flex neuron-fixed-no e-con e-child\" data-id=\"aaa1f64\" data-element_type=\"container\" data-e-type=\"container\" data-settings=\"{&quot;ekit_has_onepagescroll_dot&quot;:&quot;yes&quot;}\">\n\t\t\t\t<div class=\"elementor-element elementor-element-f5a437b elementor-widget elementor-widget-heading\" data-id=\"f5a437b\" data-element_type=\"widget\" data-e-type=\"widget\" data-settings=\"{&quot;ekit_we_effect_on&quot;:&quot;none&quot;}\" data-widget_type=\"heading.default\">\n\t\t\t\t<div class=\"elementor-widget-container\">\n\t\t\t\t\t<h1 class=\"elementor-heading-title elementor-size-default\">Unser Engagement<\/h1>\t\t\t\t<\/div>\n\t\t\t\t<\/div>\n\t\t\t\t<div class=\"elementor-element elementor-element-0d1b7aa elementor-widget elementor-widget-text-editor\" data-id=\"0d1b7aa\" data-element_type=\"widget\" data-e-type=\"widget\" data-settings=\"{&quot;ekit_we_effect_on&quot;:&quot;none&quot;}\" data-widget_type=\"text-editor.default\">\n\t\t\t\t<div class=\"elementor-widget-container\">\n\t\t\t\t\t\t\t\t\t<p>Wir setzen uns nachdr\u00fccklich f\u00fcr die F\u00f6rderung nachhaltiger und effizienter Kabinen ein.<\/p>\t\t\t\t\t\t\t\t<\/div>\n\t\t\t\t<\/div>\n\t\t\t\t<\/div>\n\t\t<div class=\"elementor-element elementor-element-97105ed e-con-full e-flex neuron-fixed-no e-con e-child\" data-id=\"97105ed\" data-element_type=\"container\" data-e-type=\"container\" data-settings=\"{&quot;ekit_has_onepagescroll_dot&quot;:&quot;yes&quot;}\">\n\t\t\t\t<\/div>\n\t\t\t\t<\/div>\n\t\t\t\t<\/div>\n\t\t\t\t<\/div>\n\t\t<div class=\"elementor-element elementor-element-54ecf0df e-flex e-con-boxed neuron-fixed-no e-con e-parent\" data-id=\"54ecf0df\" data-element_type=\"container\" data-e-type=\"container\" data-settings=\"{&quot;ekit_has_onepagescroll_dot&quot;:&quot;yes&quot;}\">\n\t\t\t\t\t<div class=\"e-con-inner\">\n\t\t<div class=\"elementor-element elementor-element-1ae55cee e-con-full e-flex neuron-fixed-no e-con e-child\" data-id=\"1ae55cee\" data-element_type=\"container\" data-e-type=\"container\" data-settings=\"{&quot;ekit_has_onepagescroll_dot&quot;:&quot;yes&quot;}\">\n\t\t<div class=\"elementor-element elementor-element-654637a4 e-con-full e-flex neuron-fixed-no e-con e-child\" data-id=\"654637a4\" data-element_type=\"container\" data-e-type=\"container\" data-settings=\"{&quot;ekit_has_onepagescroll_dot&quot;:&quot;yes&quot;}\">\n\t\t\t\t<div class=\"elementor-element elementor-element-7019ac57 elementor-widget elementor-widget-image\" data-id=\"7019ac57\" data-element_type=\"widget\" data-e-type=\"widget\" data-settings=\"{&quot;ekit_we_effect_on&quot;:&quot;none&quot;}\" data-widget_type=\"image.default\">\n\t\t\t\t<div class=\"elementor-widget-container\">\n\t\t\t\t\t\t\t\t\t\t\t\t\t\t\t<img decoding=\"async\" width=\"360\" height=\"360\" src=\"https:\/\/www.lapodsfactory.com\/wp-content\/uploads\/2025\/08\/img-2-sust-qual-360_360.webp\" class=\"attachment-full size-full wp-image-33642\" alt=\"\" srcset=\"https:\/\/www.lapodsfactory.com\/wp-content\/uploads\/2025\/08\/img-2-sust-qual-360_360.webp 360w, https:\/\/www.lapodsfactory.com\/wp-content\/uploads\/2025\/08\/img-2-sust-qual-360_360-150x150.webp 150w\" sizes=\"(max-width: 360px) 100vw, 360px\" \/>\t\t\t\t\t\t\t\t\t\t\t\t\t\t\t<\/div>\n\t\t\t\t<\/div>\n\t\t\t\t<\/div>\n\t\t<div class=\"elementor-element elementor-element-41a908eb e-con-full e-flex neuron-fixed-no e-con e-child\" data-id=\"41a908eb\" data-element_type=\"container\" data-e-type=\"container\" data-settings=\"{&quot;ekit_has_onepagescroll_dot&quot;:&quot;yes&quot;}\">\n\t\t\t\t<div class=\"elementor-element elementor-element-41450520 elementor-widget elementor-widget-text-editor\" data-id=\"41450520\" data-element_type=\"widget\" data-e-type=\"widget\" data-settings=\"{&quot;ekit_we_effect_on&quot;:&quot;none&quot;}\" data-widget_type=\"text-editor.default\">\n\t\t\t\t<div class=\"elementor-widget-container\">\n\t\t\t\t\t\t\t\t\t<p style=\"font-weight: 400;\">Als Teil dieses Engagements haben wir die Eco-Friendly-Reihe auf den Markt gebracht, die zu 100 % aus umweltfreundlichen Materialien besteht. Diese Reihe spiegelt unsere globale Vision f\u00fcr eine bewusste Entwicklung wider, indem sie nachhaltige Innovation und Qualit\u00e4t in Einklang bringt. <\/p>\t\t\t\t\t\t\t\t<\/div>\n\t\t\t\t<\/div>\n\t\t\t\t<\/div>\n\t\t\t\t<\/div>\n\t\t<div class=\"elementor-element elementor-element-401a887e e-con-full e-flex neuron-fixed-no e-con e-child\" data-id=\"401a887e\" data-element_type=\"container\" data-e-type=\"container\" data-settings=\"{&quot;ekit_has_onepagescroll_dot&quot;:&quot;yes&quot;}\">\n\t\t<div class=\"elementor-element elementor-element-59ce431d e-con-full e-flex neuron-fixed-no e-con e-child\" data-id=\"59ce431d\" data-element_type=\"container\" data-e-type=\"container\" data-settings=\"{&quot;ekit_has_onepagescroll_dot&quot;:&quot;yes&quot;}\">\n\t\t\t\t<div class=\"elementor-element elementor-element-47dacfb1 elementor-widget elementor-widget-text-editor\" data-id=\"47dacfb1\" data-element_type=\"widget\" data-e-type=\"widget\" data-settings=\"{&quot;ekit_we_effect_on&quot;:&quot;none&quot;}\" data-widget_type=\"text-editor.default\">\n\t\t\t\t<div class=\"elementor-widget-container\">\n\t\t\t\t\t\t\t\t\t<p style=\"font-weight: 400;\">Wir haben uns au\u00dferdem daf\u00fcr entschieden, problematische Zubeh\u00f6rteile direkt zu ersetzen, um einen kompletten Austausch zu vermeiden. Aus dieser Initiative entstand Recycled Pods: eine L\u00f6sung zur Reduzierung der Entsorgung noch funktionsf\u00e4higer Kabinen.<\/p>\t\t\t\t\t\t\t\t<\/div>\n\t\t\t\t<\/div>\n\t\t\t\t<\/div>\n\t\t<div class=\"elementor-element elementor-element-3131336f e-con-full e-flex neuron-fixed-no e-con e-child\" data-id=\"3131336f\" data-element_type=\"container\" data-e-type=\"container\" data-settings=\"{&quot;ekit_has_onepagescroll_dot&quot;:&quot;yes&quot;}\">\n\t\t\t\t<div class=\"elementor-element elementor-element-4df58f01 elementor-widget elementor-widget-image\" data-id=\"4df58f01\" data-element_type=\"widget\" data-e-type=\"widget\" data-settings=\"{&quot;ekit_we_effect_on&quot;:&quot;none&quot;}\" data-widget_type=\"image.default\">\n\t\t\t\t<div class=\"elementor-widget-container\">\n\t\t\t\t\t\t\t\t\t\t\t\t\t\t\t<img decoding=\"async\" width=\"360\" height=\"360\" src=\"https:\/\/www.lapodsfactory.com\/wp-content\/uploads\/2025\/08\/img-3-sust-qual-360_360.webp\" class=\"attachment-full size-full wp-image-33643\" alt=\"\" srcset=\"https:\/\/www.lapodsfactory.com\/wp-content\/uploads\/2025\/08\/img-3-sust-qual-360_360.webp 360w, https:\/\/www.lapodsfactory.com\/wp-content\/uploads\/2025\/08\/img-3-sust-qual-360_360-150x150.webp 150w\" sizes=\"(max-width: 360px) 100vw, 360px\" \/>\t\t\t\t\t\t\t\t\t\t\t\t\t\t\t<\/div>\n\t\t\t\t<\/div>\n\t\t\t\t<\/div>\n\t\t\t\t<\/div>\n\t\t\t\t\t<\/div>\n\t\t\t\t<\/div>\n\t\t<div class=\"elementor-element elementor-element-1aad2e0 e-flex e-con-boxed neuron-fixed-no e-con e-parent\" data-id=\"1aad2e0\" data-element_type=\"container\" data-e-type=\"container\" data-settings=\"{&quot;ekit_has_onepagescroll_dot&quot;:&quot;yes&quot;}\">\n\t\t\t\t\t<div class=\"e-con-inner\">\n\t\t\t\t<div class=\"elementor-element elementor-element-25f03b7 elementor-widget elementor-widget-text-editor\" data-id=\"25f03b7\" data-element_type=\"widget\" data-e-type=\"widget\" data-settings=\"{&quot;ekit_we_effect_on&quot;:&quot;none&quot;}\" data-widget_type=\"text-editor.default\">\n\t\t\t\t<div class=\"elementor-widget-container\">\n\t\t\t\t\t\t\t\t\t<p>Diese Initiativen verst\u00e4rken unsere Mission, in allen Phasen des Prozesses nachhaltige Praktiken anzuwenden und Qualit\u00e4t und Exzellenz mit umweltfreundlichen Produkten zu verbinden.<\/p>\t\t\t\t\t\t\t\t<\/div>\n\t\t\t\t<\/div>\n\t\t\t\t\t<\/div>\n\t\t\t\t<\/div>\n\t\t\t\t<\/div>\n\t\t","protected":false},"excerpt":{"rendered":"<p>Nachhaltigkeit und Qualit\u00e4t Wir sind der Wandel UMWELTVERANTWORTUNG Bei LPF by Abstractview entwickeln wir umweltbewusste Schallschutzkabinen und halten&#8230;<\/p>\n","protected":false},"author":1,"featured_media":0,"parent":0,"menu_order":0,"comment_status":"closed","ping_status":"closed","template":"","meta":{"_acf_changed":false,"rs_blank_template":"","rs_page_bg_color":"","slide_template_v7":"","footnotes":""},"class_list":["post-33644","page","type-page","status-publish","hentry"],"acf":[],"_links":{"self":[{"href":"https:\/\/www.lapodsfactory.com\/de\/wp-json\/wp\/v2\/pages\/33644","targetHints":{"allow":["GET"]}}],"collection":[{"href":"https:\/\/www.lapodsfactory.com\/de\/wp-json\/wp\/v2\/pages"}],"about":[{"href":"https:\/\/www.lapodsfactory.com\/de\/wp-json\/wp\/v2\/types\/page"}],"author":[{"embeddable":true,"href":"https:\/\/www.lapodsfactory.com\/de\/wp-json\/wp\/v2\/users\/1"}],"replies":[{"embeddable":true,"href":"https:\/\/www.lapodsfactory.com\/de\/wp-json\/wp\/v2\/comments?post=33644"}],"version-history":[{"count":2,"href":"https:\/\/www.lapodsfactory.com\/de\/wp-json\/wp\/v2\/pages\/33644\/revisions"}],"predecessor-version":[{"id":35122,"href":"https:\/\/www.lapodsfactory.com\/de\/wp-json\/wp\/v2\/pages\/33644\/revisions\/35122"}],"wp:attachment":[{"href":"https:\/\/www.lapodsfactory.com\/de\/wp-json\/wp\/v2\/media?parent=33644"}],"curies":[{"name":"wp","href":"https:\/\/api.w.org\/{rel}","templated":true}]}}