{"id":33656,"date":"2025-12-12T13:02:31","date_gmt":"2025-12-12T13:02:31","guid":{"rendered":"https:\/\/lapodsfactory.com\/allgemeine-geschaeftsbedingungen\/"},"modified":"2025-12-21T15:38:40","modified_gmt":"2025-12-21T15:38:40","slug":"allgemeine-geschaeftsbedingungen","status":"publish","type":"page","link":"https:\/\/www.lapodsfactory.com\/de\/allgemeine-geschaeftsbedingungen\/","title":{"rendered":"Allgemeine Gesch\u00e4ftsbedingungen"},"content":{"rendered":"\t\t<div data-elementor-type=\"wp-page\" data-elementor-id=\"33656\" class=\"elementor elementor-33656 elementor-32598\" data-elementor-post-type=\"page\">\n\t\t\t\t\t\t<section class=\"elementor-section elementor-top-section elementor-element elementor-element-1ee8a326 elementor-section-height-min-height elementor-section-content-middle elementor-section-boxed elementor-section-height-default elementor-section-items-middle neuron-fixed-no\" data-id=\"1ee8a326\" data-element_type=\"section\" data-e-type=\"section\" data-settings=\"{&quot;background_background&quot;:&quot;classic&quot;,&quot;ekit_has_onepagescroll_dot&quot;:&quot;yes&quot;}\">\n\t\t\t\t\t\t\t<div class=\"elementor-background-overlay\"><\/div>\n\t\t\t\t\t\t\t<div class=\"elementor-container elementor-column-gap-wide\">\n\t\t\t\t\t<div class=\"elementor-column elementor-col-100 elementor-top-column elementor-element elementor-element-2af14f5e\" data-id=\"2af14f5e\" data-element_type=\"column\" data-e-type=\"column\">\n\t\t\t<div class=\"elementor-widget-wrap elementor-element-populated\">\n\t\t\t\t\t\t\t<\/div>\n\t\t<\/div>\n\t\t\t\t\t<\/div>\n\t\t<\/section>\n\t\t<div class=\"elementor-element elementor-element-ac4d409 e-flex e-con-boxed neuron-fixed-no e-con e-parent\" data-id=\"ac4d409\" data-element_type=\"container\" data-e-type=\"container\" data-settings=\"{&quot;ekit_has_onepagescroll_dot&quot;:&quot;yes&quot;}\">\n\t\t\t\t\t<div class=\"e-con-inner\">\n\t\t\t\t<div class=\"elementor-element elementor-element-d107337 elementor-widget elementor-widget-text-editor\" data-id=\"d107337\" data-element_type=\"widget\" data-e-type=\"widget\" data-settings=\"{&quot;ekit_we_effect_on&quot;:&quot;none&quot;}\" data-widget_type=\"text-editor.default\">\n\t\t\t\t<div class=\"elementor-widget-container\">\n\t\t\t\t\t\t\t\t\t<p><strong>Allgemeine Nutzungsbedingungen<\/strong><\/p><p><strong>1.<\/strong> Allgemeine Nutzungsbedingungen<\/p><p><strong>1.1.<\/strong> Das vorliegende Dokument enth\u00e4lt die Regeln f\u00fcr die Nutzung der Website LA PODS FACTORY \u2013 BY ABSTRACTVIEW, verf\u00fcgbar unter https:\/\/lapodsfactory.com\/ (im Folgenden \u201eWebsite\u201c), die zusammen die Allgemeinen Nutzungsbedingungen der Website (im Folgenden \u201eAllgemeine Gesch\u00e4ftsbedingungen\u201c) bilden. Mit dem Zugriff auf die Website erkl\u00e4rt sich der jeweilige Nutzer (im Folgenden \u201eNutzer\u201d) damit einverstanden, diese Allgemeinen Gesch\u00e4ftsbedingungen zu beachten und einzuhalten. Bitte lesen Sie diese Allgemeinen Gesch\u00e4ftsbedingungen sorgf\u00e4ltig durch, bevor Sie die Website nutzen. Wenn Sie nicht an diese Nutzungsbedingungen gebunden sein m\u00f6chten, sollten Sie die Website nicht nutzen; unter bestimmten Umst\u00e4nden kann die Nichtannahme der Nutzungsbedingungen die Navigation auf der Website unm\u00f6glich machen.   <\/p><p><strong>1.2.<\/strong> Die Website wird von LA PODS, NIPC 516.470.370, in Esposende (im Folgenden \u201eUnternehmen\u201c) verwaltet.<\/p><p><strong>1.3. <\/strong>Die Kontaktdaten des Unternehmens lauten:<br>E-Mail: <a href=\"mailto:geral@lapodsfactory.com\">geral@lapodsfactory.com<\/a> oder<br>Postleitzahl: 4740-424<\/p><p><strong>1.4.<\/strong> Das Unternehmen beh\u00e4lt sich das Recht vor, jeden Teil des Inhalts der Website jederzeit nach eigenem Ermessen und ohne vorherige Ank\u00fcndigung zu \u00e4ndern.<\/p><p><strong>2.<\/strong> Datenschutz<\/p><p><strong>2.1.<\/strong> Die vom Unternehmen erhobenen personenbezogenen Daten der Nutzer werden unter strikter Einhaltung und Befolgung der geltenden Rechtsvorschriften behandelt.<\/p><p><strong>2.2.<\/strong> Wir m\u00f6chten, dass die Nutzer die allgemeinen Regeln zum Datenschutz und zur Verarbeitung der Daten kennen, die wir im Rahmen der Bereitstellung der Website erheben und verarbeiten. Die Datenschutzerkl\u00e4rung der Website (im Folgenden \u201eDatenschutzerkl\u00e4rung\u201d) ist integraler Bestandteil dieser Allgemeinen Gesch\u00e4ftsbedingungen und enth\u00e4lt die Regeln f\u00fcr die Verwendung von Cookies und Mechanismen zur Speicherung und zum Zugriff auf Informationen. Bitte lesen Sie die Datenschutzerkl\u00e4rung sorgf\u00e4ltig durch, bevor Sie die Website nutzen.  <\/p><p><strong>3.<\/strong> Nutzung der Website<\/p><p><strong>3.1.<\/strong> Der Nutzer ist allein verantwortlich f\u00fcr die Nutzung der Website und die Verwendung der darin enthaltenen Informationen.<\/p><p><strong>3.2.<\/strong> Die Nutzung der Website f\u00fcr illegale oder gesetzwidrige Zwecke sowie f\u00fcr kommerzielle oder gesch\u00e4ftliche Zwecke ist ausdr\u00fccklich untersagt.<\/p><p><strong>3.3.<\/strong> Der Nutzer darf in keiner Weise, weder legal noch illegal, in die Inhalte und Informationen der Website eingreifen und verpflichtet sich, keine Ger\u00e4te, Software oder Routinen zu verwenden, die die Verf\u00fcgbarkeit und den \u00f6ffentlichen Zugang und\/oder das ordnungsgem\u00e4\u00dfe Funktionieren der Website beeintr\u00e4chtigen oder zu beeintr\u00e4chtigen versuchen k\u00f6nnten, da er sonst zivil- und strafrechtlich f\u00fcr solche Handlungen haftbar gemacht werden kann.<\/p><p><strong>3.4.<\/strong> Die Verf\u00fcgbarkeit der Website kann jederzeit und ohne vorherige Ank\u00fcndigung vor\u00fcbergehend oder endg\u00fcltig ausgesetzt oder unterbrochen werden, insbesondere zu Wartungszwecken, ohne dass diese Aussetzung oder Unterbrechung als Grundlage f\u00fcr Schadensersatzanspr\u00fcche jeglicher Art f\u00fcr einen Nutzer dienen kann.<\/p><p><strong>4.<\/strong> Geistiges Eigentum und Recht am eigenen Bild<\/p><p><strong>4.1.<\/strong> Die Inhalte, einschlie\u00dflich, aber nicht beschr\u00e4nkt auf Symbole, Bilder, Grafiken, Texte, Fotos und Funktionen auf der Website, sind durch geistige Eigentumsrechte und\/oder Pers\u00f6nlichkeitsrechte gesch\u00fctzt. Die genannten Inhalte, die dem Urheberrecht, gewerblichen Schutzrechten, Domainnamen und\/oder Pers\u00f6nlichkeitsrechten unterliegen, sind ausschlie\u00dfliches Eigentum der Unternehmen oder Dritter, die deren Verwendung auf der Website genehmigt haben. <\/p><p><strong>4.2.<\/strong> Mit dem Zugriff auf die Website erkl\u00e4rt sich der Nutzer damit einverstanden, keine Inhalte dieser Website zu kopieren, zu reproduzieren, zu ver\u00e4ndern, zu modifizieren oder \u00f6ffentlich zu verbreiten und keine Links zu dieser Website auf einer Website einzuf\u00fcgen oder zu implementieren, die ihm oder einem Dritten, seinem Arbeitgeber oder Nicht-Arbeitgeber geh\u00f6rt, von ihm oder einem Dritten unterhalten und\/oder betrieben wird, ohne die vorherige ausdr\u00fcckliche Genehmigung des Unternehmens oder der zuvor von diesem benannten Dritten, es sei denn, es handelt sich um personenbezogene Daten und die Kopie dieser Materialien entspricht den Bestimmungen der geltenden Gesetzgebung zum geistigen Eigentum und enth\u00e4lt alle Eigentumsvermerke, die im Originalmaterial enthalten sind.<\/p><p><strong>4.3.<\/strong> Die Nichteinhaltung der Bestimmungen in 4.2. durch den Nutzer hat unbeschadet einer m\u00f6glichen zivil- und strafrechtlichen Haftung die Vernichtung aller Kopien, Reproduktionen, \u00dcbertragungen oder anderer abgeleiteter und\/oder gleichwertiger Werke zur Folge, die vom Nutzer angefertigt wurden. <\/p><p><strong>4.4.<\/strong> Wenn der Nutzer Kenntnis von einer missbr\u00e4uchlichen Nutzung der Website und ihrer Inhalte erh\u00e4lt, verpflichtet er sich, das Unternehmen unverz\u00fcglich \u00fcber einen der unter 1.2. oben genannten Kontaktwege dar\u00fcber zu informieren. <\/p><p><strong>5.<\/strong> Websites Dritter<\/p><p><strong>5.1.<\/strong> Die Website kann Links zu Websites Dritter enthalten, die nicht vom Unternehmen unterhalten oder kontrolliert werden und die eigene, von denen dieser Website abweichende Nutzungsbedingungen und Datenschutzrichtlinien haben. Diese Links werden nur zur Vereinfachung f\u00fcr den Nutzer eingef\u00fcgt und bedeuten keine Verbindung oder Billigung dieser Websites und der jeweiligen Betreiber, Inhalte oder Funktionen durch das Unternehmen. <\/p><p><strong>5.2.<\/strong> Das Unternehmen schlie\u00dft hiermit jegliche Haftung f\u00fcr Verweise auf Websites Dritter, deren Inhalte oder die von diesen Websites ausge\u00fcbten Aktivit\u00e4ten, einschlie\u00dflich Werbeaktivit\u00e4ten, aus. Das Unternehmen haftet ebenfalls nicht f\u00fcr Sch\u00e4den oder Verluste, die direkt oder indirekt durch die Nutzung von Websites Dritter entstehen.<\/p><p><strong>6.<\/strong> Haftungsbeschr\u00e4nkung<\/p><p><strong>6.1.<\/strong> Das Unternehmen ist bestrebt, dass die Website den Erwartungen des Nutzers entspricht. Es gibt jedoch Garantien, die gem\u00e4\u00df den hierin enthaltenen Bestimmungen nicht \u00fcbernommen werden k\u00f6nnen. <\/p><p><strong>6.2.<\/strong> Die auf der Website bereitgestellten Informationen werden \u201ewie besehen\u201c ohne jegliche ausdr\u00fcckliche oder stillschweigende Gew\u00e4hrleistung oder Bedingung hinsichtlich des Inhalts der Website oder der Genauigkeit oder Zuverl\u00e4ssigkeit der darin enthaltenen Informationen oder Aussagen, Anweisungen, Ratschl\u00e4ge und Meinungen bereitgestellt. Das Unternehmen wird sich nach Kr\u00e4ften bem\u00fchen, soweit m\u00f6glich genaue und aktuelle Informationen aufzunehmen, gibt jedoch keine Gew\u00e4hrleistungen oder Zusicherungen hinsichtlich ihrer Genauigkeit oder Vollst\u00e4ndigkeit. Wir weisen jedoch darauf hin, dass das Unternehmen keine Verpflichtung zur Aktualisierung der Inhalte \u00fcbernimmt. Bitte beachten Sie, dass die auf der Website enthaltenen Informationen Ungenauigkeiten, Tippfehler oder veraltete Informationen enthalten k\u00f6nnen.   <\/p><p><strong>6.3.<\/strong> In keinem Fall haften das Unternehmen, die Dienstleistungsagentur oder deren gesetzliche Vertreter oder Mitarbeiter f\u00fcr direkte, indirekte oder Folgesch\u00e4den, die sich aus (i) der Nutzung oder Leistung der Website, (ii) der Unm\u00f6glichkeit der Nutzung der Website durch den Nutzer oder (iii) dem Vertrauen auf Inhalte der Website ergeben, damit zusammenh\u00e4ngen oder daraus resultieren.   <\/p><p><strong>7.<\/strong> Vorschl\u00e4ge und Kommentare<\/p><p>Wenn Sie Vorschl\u00e4ge oder Kommentare zur Website haben oder Fragen kl\u00e4ren m\u00f6chten, wenden Sie sich bitte \u00fcber einen der unter 1.2. oben genannten Wege an das Unternehmen. <\/p><p><strong>8.<\/strong> Invalidade<\/p><p>Die teilweise Ung\u00fcltigkeit einer der Allgemeinen Gesch\u00e4ftsbedingungen hat keinen Einfluss auf die \u00fcbrigen Bestimmungen, die weiterhin g\u00fcltig und in vollem Umfang wirksam bleiben. Der von der Ung\u00fcltigkeit betroffene Teil wird durch die geltenden erg\u00e4nzenden Vorschriften geregelt, wobei gegebenenfalls auf die Regeln zur Erg\u00e4nzung von Rechtsgesch\u00e4ften zur\u00fcckgegriffen wird.<\/p><p><strong>9.<\/strong> \u00c4nderungen der Allgemeinen Gesch\u00e4ftsbedingungen<\/p><p><strong>9.1.<\/strong> Das Unternehmen beh\u00e4lt sich das Recht vor, jederzeit \u00c4nderungen oder Erg\u00e4nzungen der Allgemeinen Gesch\u00e4ftsbedingungen vorzunehmen, wobei die wesentlichen \u00c4nderungen dem Nutzer \u00fcber die Website durch spezifische Hinweise auf der Website und nach vorheriger Einholung der Zustimmung des Nutzers zu diesen \u00c4nderungen ordnungsgem\u00e4\u00df mitgeteilt werden. Der Nutzer sollte die Allgemeinen Gesch\u00e4ftsbedingungen regelm\u00e4\u00dfig konsultieren. <\/p><p><strong>9.2.<\/strong> Wenn der Nutzer die ge\u00e4nderten Allgemeinen Gesch\u00e4ftsbedingungen nicht akzeptiert, muss er die Nutzung der Website einstellen.<\/p><p><strong>9.3.<\/strong> Im Falle eines Widerspruchs zwischen den vorliegenden Allgemeinen Gesch\u00e4ftsbedingungen und denjenigen, die nach \u00c4nderungen ver\u00f6ffentlicht werden, haben letztere Vorrang vor ersteren.<\/p><p><strong>Letzte Aktualisierung:<\/strong> Mai 2018<\/p>\t\t\t\t\t\t\t\t<\/div>\n\t\t\t\t<\/div>\n\t\t\t\t\t<\/div>\n\t\t\t\t<\/div>\n\t\t\t\t<\/div>\n\t\t","protected":false},"excerpt":{"rendered":"<p>Allgemeine Nutzungsbedingungen 1. Allgemeine Nutzungsbedingungen 1.1. Das vorliegende Dokument enth\u00e4lt die Regeln f\u00fcr die Nutzung der Website LA&#8230;<\/p>\n","protected":false},"author":1,"featured_media":0,"parent":0,"menu_order":0,"comment_status":"closed","ping_status":"closed","template":"","meta":{"_acf_changed":false,"rs_blank_template":"","rs_page_bg_color":"","slide_template_v7":"","footnotes":""},"class_list":["post-33656","page","type-page","status-publish","hentry"],"acf":[],"_links":{"self":[{"href":"https:\/\/www.lapodsfactory.com\/de\/wp-json\/wp\/v2\/pages\/33656","targetHints":{"allow":["GET"]}}],"collection":[{"href":"https:\/\/www.lapodsfactory.com\/de\/wp-json\/wp\/v2\/pages"}],"about":[{"href":"https:\/\/www.lapodsfactory.com\/de\/wp-json\/wp\/v2\/types\/page"}],"author":[{"embeddable":true,"href":"https:\/\/www.lapodsfactory.com\/de\/wp-json\/wp\/v2\/users\/1"}],"replies":[{"embeddable":true,"href":"https:\/\/www.lapodsfactory.com\/de\/wp-json\/wp\/v2\/comments?post=33656"}],"version-history":[{"count":2,"href":"https:\/\/www.lapodsfactory.com\/de\/wp-json\/wp\/v2\/pages\/33656\/revisions"}],"predecessor-version":[{"id":35129,"href":"https:\/\/www.lapodsfactory.com\/de\/wp-json\/wp\/v2\/pages\/33656\/revisions\/35129"}],"wp:attachment":[{"href":"https:\/\/www.lapodsfactory.com\/de\/wp-json\/wp\/v2\/media?parent=33656"}],"curies":[{"name":"wp","href":"https:\/\/api.w.org\/{rel}","templated":true}]}}