{"id":34432,"date":"2025-07-18T13:37:45","date_gmt":"2025-07-18T13:37:45","guid":{"rendered":"https:\/\/lapodsfactory.com\/datenschutzerklaerung\/"},"modified":"2025-12-21T15:41:02","modified_gmt":"2025-12-21T15:41:02","slug":"datenschutzerklaerung","status":"publish","type":"page","link":"https:\/\/www.lapodsfactory.com\/de\/datenschutzerklaerung\/","title":{"rendered":"Datenschutzerkl\u00e4rung"},"content":{"rendered":"\t\t<div data-elementor-type=\"wp-page\" data-elementor-id=\"34432\" class=\"elementor elementor-34432 elementor-26312\" data-elementor-post-type=\"page\">\n\t\t\t\t\t\t<section class=\"elementor-section elementor-top-section elementor-element elementor-element-7fea575e elementor-section-height-min-height elementor-section-content-middle elementor-section-boxed elementor-section-height-default elementor-section-items-middle neuron-fixed-no\" data-id=\"7fea575e\" data-element_type=\"section\" data-e-type=\"section\" data-settings=\"{&quot;background_background&quot;:&quot;classic&quot;,&quot;ekit_has_onepagescroll_dot&quot;:&quot;yes&quot;}\">\n\t\t\t\t\t\t\t<div class=\"elementor-background-overlay\"><\/div>\n\t\t\t\t\t\t\t<div class=\"elementor-container elementor-column-gap-wide\">\n\t\t\t\t\t<div class=\"elementor-column elementor-col-100 elementor-top-column elementor-element elementor-element-23656ad\" data-id=\"23656ad\" data-element_type=\"column\" data-e-type=\"column\">\n\t\t\t<div class=\"elementor-widget-wrap elementor-element-populated\">\n\t\t\t\t\t\t<div class=\"elementor-element elementor-element-2c138690 elementor-widget elementor-widget-heading\" data-id=\"2c138690\" data-element_type=\"widget\" data-e-type=\"widget\" data-settings=\"{&quot;ekit_we_effect_on&quot;:&quot;none&quot;}\" data-widget_type=\"heading.default\">\n\t\t\t\t<div class=\"elementor-widget-container\">\n\t\t\t\t\t<h1 class=\"elementor-heading-title elementor-size-default\">Datenschutzerkl\u00e4rung<\/h1>\t\t\t\t<\/div>\n\t\t\t\t<\/div>\n\t\t\t\t\t<\/div>\n\t\t<\/div>\n\t\t\t\t\t<\/div>\n\t\t<\/section>\n\t\t<div class=\"elementor-element elementor-element-4641b73 e-flex e-con-boxed neuron-fixed-no e-con e-parent\" data-id=\"4641b73\" data-element_type=\"container\" data-e-type=\"container\" data-settings=\"{&quot;ekit_has_onepagescroll_dot&quot;:&quot;yes&quot;}\">\n\t\t\t\t\t<div class=\"e-con-inner\">\n\t\t\t\t<div class=\"elementor-element elementor-element-1a891f4 elementor-widget elementor-widget-text-editor\" data-id=\"1a891f4\" data-element_type=\"widget\" data-e-type=\"widget\" data-settings=\"{&quot;ekit_we_effect_on&quot;:&quot;none&quot;}\" data-widget_type=\"text-editor.default\">\n\t\t\t\t<div class=\"elementor-widget-container\">\n\t\t\t\t\t\t\t\t\t<p>Alle von Ihnen erhobenen personenbezogenen Daten werden verwendet, um Ihren Besuch auf unserer Website so produktiv und angenehm wie m\u00f6glich zu gestalten. Die Gew\u00e4hrleistung der Vertraulichkeit der personenbezogenen Daten der Nutzer unserer Website ist f\u00fcr die Plattform von gro\u00dfer Bedeutung. Alle personenbezogenen Daten von Mitgliedern, Abonnenten, Kunden oder Besuchern, die LA PODS FACTORY BY ABSTRACTIVEW nutzen, werden gem\u00e4\u00df dem Gesetz zum Schutz personenbezogener Daten vom 26. Oktober 1998 (Gesetz Nr. 67\/98) behandelt. Die gesammelten personenbezogenen Daten k\u00f6nnen Ihren Namen, Ihre E-Mail-Adresse, Ihre Telefon- und\/oder Handynummer, Ihre Anschrift, Ihr Geburtsdatum und\/oder andere Angaben umfassen. Die Nutzung der Website lapodsfactory.com setzt die Zustimmung zu dieser Datenschutzerkl\u00e4rung voraus. Das Team von La Pods Factory by Abstracview beh\u00e4lt sich das Recht vor, diese Vereinbarung ohne vorherige Ank\u00fcndigung zu \u00e4ndern. Wir empfehlen Ihnen daher, unsere Datenschutzerkl\u00e4rung regelm\u00e4\u00dfig zu lesen, um immer auf dem neuesten Stand zu sein.<\/p><h5> <\/h5><h5 class=\"wp-block-heading\">DIE ANZEIGEN<\/h5><p>Wie andere Websites auch sammeln und verwenden wir Informationen, die in Anzeigen enthalten sind. Zu den in Anzeigen enthaltenen Informationen geh\u00f6ren Ihre IP-Adresse (Internet Protocol), Ihr ISP (Internet Service Provider, wie Sapo oder andere), der Browser, den Sie beim Besuch unserer Website verwendet haben (wie Google Chrome oder Firefox), die Dauer Ihres Besuchs und die Seiten, die Sie innerhalb unserer Website besucht haben. <\/p><h5> <\/h5><h5>COOKIES<\/h5><p>Wir verwenden Cookies, um Informationen wie Ihre pers\u00f6nlichen Pr\u00e4ferenzen zu speichern, wenn Sie unsere Website besuchen. Dies kann ein einfaches Popup-Fenster oder eine Verbindung zu verschiedenen von uns angebotenen Diensten wie Foren sein. Sie haben die M\u00f6glichkeit, Cookies in Ihren Browsereinstellungen zu deaktivieren oder \u00c4nderungen an den Tools von Antivirenprogrammen wie Norton Internet Security vorzunehmen. Dies kann jedoch die Art und Weise ver\u00e4ndern, wie Sie mit unserer Website oder anderen Websites interagieren. Es kann sich darauf auswirken, dass Sie sich nicht mehr bei Programmen, Websites oder Foren unseres und anderer Netzwerke anmelden k\u00f6nnen.    <\/p><h5> <\/h5><h5>LINKS ZU WEBSITES DRITTER<\/h5><p>La Pods Factory by Abstracview enth\u00e4lt Links zu anderen Websites, die unserer Meinung nach n\u00fctzliche Informationen\/Tools f\u00fcr unsere Besucher enthalten k\u00f6nnen. Unsere Datenschutzrichtlinie gilt nicht f\u00fcr Websites von Dritten. Wenn Sie also von unserer Website aus eine andere Website besuchen, sollten Sie deren Datenschutzrichtlinie lesen. Wir sind nicht verantwortlich f\u00fcr die Datenschutzrichtlinien oder Inhalte dieser Websites.  <\/p>\t\t\t\t\t\t\t\t<\/div>\n\t\t\t\t<\/div>\n\t\t\t\t\t<\/div>\n\t\t\t\t<\/div>\n\t\t\t\t<\/div>\n\t\t","protected":false},"excerpt":{"rendered":"<p>Datenschutzerkl\u00e4rung Alle von Ihnen erhobenen personenbezogenen Daten werden verwendet, um Ihren Besuch auf unserer Website so produktiv und&#8230;<\/p>\n","protected":false},"author":1,"featured_media":0,"parent":0,"menu_order":0,"comment_status":"closed","ping_status":"closed","template":"","meta":{"_acf_changed":false,"rs_blank_template":"","rs_page_bg_color":"","slide_template_v7":"","footnotes":""},"class_list":["post-34432","page","type-page","status-publish","hentry"],"acf":[],"_links":{"self":[{"href":"https:\/\/www.lapodsfactory.com\/de\/wp-json\/wp\/v2\/pages\/34432","targetHints":{"allow":["GET"]}}],"collection":[{"href":"https:\/\/www.lapodsfactory.com\/de\/wp-json\/wp\/v2\/pages"}],"about":[{"href":"https:\/\/www.lapodsfactory.com\/de\/wp-json\/wp\/v2\/types\/page"}],"author":[{"embeddable":true,"href":"https:\/\/www.lapodsfactory.com\/de\/wp-json\/wp\/v2\/users\/1"}],"replies":[{"embeddable":true,"href":"https:\/\/www.lapodsfactory.com\/de\/wp-json\/wp\/v2\/comments?post=34432"}],"version-history":[{"count":2,"href":"https:\/\/www.lapodsfactory.com\/de\/wp-json\/wp\/v2\/pages\/34432\/revisions"}],"predecessor-version":[{"id":35134,"href":"https:\/\/www.lapodsfactory.com\/de\/wp-json\/wp\/v2\/pages\/34432\/revisions\/35134"}],"wp:attachment":[{"href":"https:\/\/www.lapodsfactory.com\/de\/wp-json\/wp\/v2\/media?parent=34432"}],"curies":[{"name":"wp","href":"https:\/\/api.w.org\/{rel}","templated":true}]}}