{"id":32592,"date":"2025-07-18T13:37:45","date_gmt":"2025-07-18T13:37:45","guid":{"rendered":"https:\/\/lapodsfactory.com\/politica-de-privacidad\/"},"modified":"2025-12-21T15:40:46","modified_gmt":"2025-12-21T15:40:46","slug":"politica-de-privacidad","status":"publish","type":"page","link":"https:\/\/www.lapodsfactory.com\/es\/politica-de-privacidad\/","title":{"rendered":"Pol\u00edtica de privacidad"},"content":{"rendered":"\t\t<div data-elementor-type=\"wp-page\" data-elementor-id=\"32592\" class=\"elementor elementor-32592 elementor-26312\" data-elementor-post-type=\"page\">\n\t\t\t\t\t\t<section class=\"elementor-section elementor-top-section elementor-element elementor-element-7fea575e elementor-section-height-min-height elementor-section-content-middle elementor-section-boxed elementor-section-height-default elementor-section-items-middle neuron-fixed-no\" data-id=\"7fea575e\" data-element_type=\"section\" data-e-type=\"section\" data-settings=\"{&quot;background_background&quot;:&quot;classic&quot;,&quot;ekit_has_onepagescroll_dot&quot;:&quot;yes&quot;}\">\n\t\t\t\t\t\t\t<div class=\"elementor-background-overlay\"><\/div>\n\t\t\t\t\t\t\t<div class=\"elementor-container elementor-column-gap-wide\">\n\t\t\t\t\t<div class=\"elementor-column elementor-col-100 elementor-top-column elementor-element elementor-element-23656ad\" data-id=\"23656ad\" data-element_type=\"column\" data-e-type=\"column\">\n\t\t\t<div class=\"elementor-widget-wrap elementor-element-populated\">\n\t\t\t\t\t\t<div class=\"elementor-element elementor-element-2c138690 elementor-widget elementor-widget-heading\" data-id=\"2c138690\" data-element_type=\"widget\" data-e-type=\"widget\" data-settings=\"{&quot;ekit_we_effect_on&quot;:&quot;none&quot;}\" data-widget_type=\"heading.default\">\n\t\t\t\t<div class=\"elementor-widget-container\">\n\t\t\t\t\t<h1 class=\"elementor-heading-title elementor-size-default\">Pol\u00edtica de privacidad<\/h1>\t\t\t\t<\/div>\n\t\t\t\t<\/div>\n\t\t\t\t\t<\/div>\n\t\t<\/div>\n\t\t\t\t\t<\/div>\n\t\t<\/section>\n\t\t<div class=\"elementor-element elementor-element-4641b73 e-flex e-con-boxed neuron-fixed-no e-con e-parent\" data-id=\"4641b73\" data-element_type=\"container\" data-e-type=\"container\" data-settings=\"{&quot;ekit_has_onepagescroll_dot&quot;:&quot;yes&quot;}\">\n\t\t\t\t\t<div class=\"e-con-inner\">\n\t\t\t\t<div class=\"elementor-element elementor-element-1a891f4 elementor-widget elementor-widget-text-editor\" data-id=\"1a891f4\" data-element_type=\"widget\" data-e-type=\"widget\" data-settings=\"{&quot;ekit_we_effect_on&quot;:&quot;none&quot;}\" data-widget_type=\"text-editor.default\">\n\t\t\t\t<div class=\"elementor-widget-container\">\n\t\t\t\t\t\t\t\t\t<p>Toda la informaci\u00f3n personal recopilada se utilizar\u00e1 para ayudarle a que su visita a nuestro sitio web sea lo m\u00e1s productiva y agradable posible. Garantizar la confidencialidad de los datos personales de los usuarios de nuestro sitio web es importante para la plataforma. Toda la informaci\u00f3n personal relativa a los miembros, suscriptores, clientes o visitantes que utilicen LA PODS FACTORY BY ABSTRACTIVEW se tratar\u00e1 de conformidad con la Ley de Protecci\u00f3n de Datos Personales de 26 de octubre de 1998 (Ley n.\u00ba 67\/98). La informaci\u00f3n personal recopilada puede incluir su nombre, correo electr\u00f3nico, n\u00famero de tel\u00e9fono y\/o m\u00f3vil, direcci\u00f3n, fecha de nacimiento y\/u otros datos. El uso del sitio web lapodsfactory.com implica la aceptaci\u00f3n de este Acuerdo de privacidad. El equipo de La Pods Factory by Abstracview se reserva el derecho de modificar este acuerdo sin previo aviso. Por lo tanto, le recomendamos que consulte nuestra pol\u00edtica de privacidad con regularidad para estar siempre al d\u00eda.<\/p><h5> <\/h5><h5 class=\"wp-block-heading\">LOS ANUNCIOS<\/h5><p>Tal como outros websites, colectam e utilizamos informa\u00e7\u00e3o contida nos an\u00fancios. A informa\u00e7\u00e3o contida nos an\u00fancios, inclui o seu endere\u00e7o IP (Internet Protocol), o seu ISP (Internet Service Provider, como o Sapo, ou outro), o browser que utilizou ao visitar o nosso website (como o google Chrome ou o Firefox), o tempo da sua visita e que p\u00e1ginas visitou dentro do nosso website.<\/p><h5> <\/h5><h5>LAS COOKIES<\/h5><p>Utilizamos cookies para armazenar informa\u00e7\u00e3o, tais como as suas prefer\u00eancias pessoas quando visita o nosso website. Isto poder\u00e1 incluir um simples popup, ou uma liga\u00e7\u00e3o em v\u00e1rios servi\u00e7os que providenciamos, tais como f\u00f3runs. Det\u00e9m o poder de desligar os cookies, nas op\u00e7\u00f5es do browser, ou efectuar altera\u00e7\u00f5es nas ferramentas de programas Anti-Virus, como o Norton Internet Security. No entanto, isso poder\u00e1 alterar a forma como interage com o nosso website, ou outros websites. Poder\u00e1 afetar ou n\u00e3o permitir que fa\u00e7a logins em programas, sites ou f\u00f3runs da nossa e de outras redes.<\/p><h5> <\/h5><h5>ENLACES A SITIOS WEB DE TERCEROS<\/h5><p>A La Pods Factory by Abstracview possui liga\u00e7\u00f5es para outros sites, os quais, a nosso ver, podem conter informa\u00e7\u00f5es \/ ferramentas \u00fateis para os nossos visitantes. A nossa pol\u00edtica de privacidade n\u00e3o \u00e9 aplicada a sites de terceiros, pelo que, caso visite outro site a partir do nosso dever\u00e1 ler a pol\u00edtica de privacidade do mesmo. N\u00e3o nos responsabilizamos pela pol\u00edtica de privacidade ou conte\u00fado presente nesses mesmos sites.<\/p>\t\t\t\t\t\t\t\t<\/div>\n\t\t\t\t<\/div>\n\t\t\t\t\t<\/div>\n\t\t\t\t<\/div>\n\t\t\t\t<\/div>\n\t\t","protected":false},"excerpt":{"rendered":"<p>Pol\u00edtica de privacidad Toda la informaci\u00f3n personal recopilada se utilizar\u00e1 para ayudarle a que su visita a nuestro&#8230;<\/p>\n","protected":false},"author":1,"featured_media":0,"parent":0,"menu_order":0,"comment_status":"closed","ping_status":"closed","template":"","meta":{"_acf_changed":false,"rs_blank_template":"","rs_page_bg_color":"","slide_template_v7":"","footnotes":""},"class_list":["post-32592","page","type-page","status-publish","hentry"],"acf":[],"_links":{"self":[{"href":"https:\/\/www.lapodsfactory.com\/es\/wp-json\/wp\/v2\/pages\/32592","targetHints":{"allow":["GET"]}}],"collection":[{"href":"https:\/\/www.lapodsfactory.com\/es\/wp-json\/wp\/v2\/pages"}],"about":[{"href":"https:\/\/www.lapodsfactory.com\/es\/wp-json\/wp\/v2\/types\/page"}],"author":[{"embeddable":true,"href":"https:\/\/www.lapodsfactory.com\/es\/wp-json\/wp\/v2\/users\/1"}],"replies":[{"embeddable":true,"href":"https:\/\/www.lapodsfactory.com\/es\/wp-json\/wp\/v2\/comments?post=32592"}],"version-history":[{"count":4,"href":"https:\/\/www.lapodsfactory.com\/es\/wp-json\/wp\/v2\/pages\/32592\/revisions"}],"predecessor-version":[{"id":35133,"href":"https:\/\/www.lapodsfactory.com\/es\/wp-json\/wp\/v2\/pages\/32592\/revisions\/35133"}],"wp:attachment":[{"href":"https:\/\/www.lapodsfactory.com\/es\/wp-json\/wp\/v2\/media?parent=32592"}],"curies":[{"name":"wp","href":"https:\/\/api.w.org\/{rel}","templated":true}]}}