{"id":32603,"date":"2025-12-12T13:02:31","date_gmt":"2025-12-12T13:02:31","guid":{"rendered":"https:\/\/lapodsfactory.com\/terminos-y-condiciones\/"},"modified":"2025-12-21T15:38:19","modified_gmt":"2025-12-21T15:38:19","slug":"terminos-y-condiciones","status":"publish","type":"page","link":"https:\/\/www.lapodsfactory.com\/es\/terminos-y-condiciones\/","title":{"rendered":"T\u00e9rminos y condiciones"},"content":{"rendered":"\t\t<div data-elementor-type=\"wp-page\" data-elementor-id=\"32603\" class=\"elementor elementor-32603 elementor-32598\" data-elementor-post-type=\"page\">\n\t\t\t\t\t\t<section class=\"elementor-section elementor-top-section elementor-element elementor-element-1ee8a326 elementor-section-height-min-height elementor-section-content-middle elementor-section-boxed elementor-section-height-default elementor-section-items-middle neuron-fixed-no\" data-id=\"1ee8a326\" data-element_type=\"section\" data-e-type=\"section\" data-settings=\"{&quot;background_background&quot;:&quot;classic&quot;,&quot;ekit_has_onepagescroll_dot&quot;:&quot;yes&quot;}\">\n\t\t\t\t\t\t\t<div class=\"elementor-background-overlay\"><\/div>\n\t\t\t\t\t\t\t<div class=\"elementor-container elementor-column-gap-wide\">\n\t\t\t\t\t<div class=\"elementor-column elementor-col-100 elementor-top-column elementor-element elementor-element-2af14f5e\" data-id=\"2af14f5e\" data-element_type=\"column\" data-e-type=\"column\">\n\t\t\t<div class=\"elementor-widget-wrap elementor-element-populated\">\n\t\t\t\t\t\t\t<\/div>\n\t\t<\/div>\n\t\t\t\t\t<\/div>\n\t\t<\/section>\n\t\t<div class=\"elementor-element elementor-element-ac4d409 e-flex e-con-boxed neuron-fixed-no e-con e-parent\" data-id=\"ac4d409\" data-element_type=\"container\" data-e-type=\"container\" data-settings=\"{&quot;ekit_has_onepagescroll_dot&quot;:&quot;yes&quot;}\">\n\t\t\t\t\t<div class=\"e-con-inner\">\n\t\t\t\t<div class=\"elementor-element elementor-element-d107337 elementor-widget elementor-widget-text-editor\" data-id=\"d107337\" data-element_type=\"widget\" data-e-type=\"widget\" data-settings=\"{&quot;ekit_we_effect_on&quot;:&quot;none&quot;}\" data-widget_type=\"text-editor.default\">\n\t\t\t\t<div class=\"elementor-widget-container\">\n\t\t\t\t\t\t\t\t\t<p><strong>T\u00e9rminos y condiciones generales de uso<\/strong><\/p><p><strong>1.<\/strong> T\u00e9rminos y condiciones generales de uso<\/p><p><strong>1.1.<\/strong> El presente documento contiene las normas aplicables al uso del sitio web LA PODS FACTORY \u2013 BY ABSTRACTVIEW, disponible en https:\/\/lapodsfactory.com\/ (en adelante, el \u00abSitio web\u00bb), que, en su conjunto, constituyen los T\u00e9rminos y condiciones generales de uso del Sitio web (en adelante, los \u00abT\u00e9rminos y condiciones\u00bb). Al acceder al Sitio web, el usuario correspondiente (en adelante, \u00abUsuario\u00bb) acepta respetar y cumplir los presentes T\u00e9rminos y condiciones. Lea atentamente estos T\u00e9rminos y condiciones antes de utilizar el Sitio web. En caso de no querer quedar vinculado a los presentes T\u00e9rminos y Condiciones, deber\u00e1 abstenerse de utilizar el Sitio web; en algunas circunstancias, la no aceptaci\u00f3n expresa de los T\u00e9rminos y Condiciones puede impedir la navegaci\u00f3n por el Sitio.   <\/p><p><strong>1.2.<\/strong> El Sitio web est\u00e1 administrado por LA PODS, NIPC 516.470.370, en Esposende (en adelante, la \u00abEmpresa\u00bb).<\/p><p><strong>1.3.<\/strong> Los datos de contacto de la Empresa son:<br>Correo electr\u00f3nico:<a href=\"mailto:geral@lapodsfactory.com\"> geral@lapodsfactory.com<\/a> o <br>C\u00f3digo postal: 4740-424<\/p><p><strong>1.4.<\/strong> La Empresa se reserva el derecho de modificar cualquier parte del contenido del Sitio web, en cualquier momento, a su entera discreci\u00f3n y sin previo aviso.<\/p><p><strong>2.<\/strong> Privacidad<\/p><p><strong>2.1.<\/strong> Los datos personales de los Usuarios que sean recopilados por la Empresa ser\u00e1n tratados con el estricto respeto y cumplimiento de la legislaci\u00f3n aplicable.<\/p><p><strong>2.2.<\/strong> Queremos que los usuarios conozcan las normas generales de privacidad y tratamiento de datos que recopilamos y tratamos en el marco de la puesta a disposici\u00f3n del sitio web. La Pol\u00edtica de privacidad del sitio web (en adelante, \u00abPol\u00edtica de privacidad\u00bb), que incluye las normas aplicables al uso de cookies y mecanismos de almacenamiento y acceso a la informaci\u00f3n, forma parte integrante de estos T\u00e9rminos y condiciones. Lea atentamente la Pol\u00edtica de Privacidad antes de utilizar el sitio web.  <\/p><p><strong>3.<\/strong> Uso del sitio web<\/p><p><strong>3.1.<\/strong> El usuario es el \u00fanico responsable del uso que haga del sitio web, incluida la informaci\u00f3n que contiene.<\/p><p><strong>3.2.<\/strong> Queda expresamente prohibido el uso del sitio web con fines il\u00edcitos o contrarios a la ley, as\u00ed como con fines comerciales o empresariales.<\/p><p><strong>3.3.<\/strong> El usuario no podr\u00e1 interferir, de ninguna forma legal o ilegal, con el contenido y la informaci\u00f3n del sitio web, comprometi\u00e9ndose a no utilizar ning\u00fan dispositivo, software o rutina que pueda afectar o intentar interferir con la disponibilidad y el acceso p\u00fablico y\/o el correcto funcionamiento del sitio web, bajo pena de ser civil y penalmente responsable de tales actos.<\/p><p><strong>3.4.<\/strong> La disponibilidad del sitio web podr\u00e1 suspenderse o interrumpirse, de forma temporal o definitiva, en cualquier momento y sin previo aviso, en particular por motivos de mantenimiento, sin que dicha suspensi\u00f3n o interrupci\u00f3n pueda servir de base para ninguna reclamaci\u00f3n de indemnizaci\u00f3n, por ning\u00fan concepto, por parte de ning\u00fan usuario.<\/p><p><strong>4.<\/strong> Propiedad intelectual y derecho de imagen<\/p><p><strong>4.1.<\/strong> Los contenidos, incluyendo, entre otros, los iconos, im\u00e1genes, gr\u00e1ficos, textos, fotograf\u00edas y funcionalidades existentes en el sitio web est\u00e1n protegidos por derechos de propiedad intelectual y\/o derechos de la personalidad. Dichos contenidos sujetos a derechos de autor, propiedad industrial, nombres de dominio y\/o derechos de la personalidad son propiedad exclusiva de las Empresas o de terceros que han autorizado su uso en el sitio web. <\/p><p><strong>4.2.<\/strong> Al acceder al sitio web, el usuario se compromete a no copiar, reproducir, alterar, modificar o divulgar p\u00fablicamente ning\u00fan contenido de este sitio web y a no insertar ni implementar ning\u00fan enlace a este sitio web en ning\u00fan sitio web de su propiedad, mantenido y\/o operado por usted o por un tercero, sea o no su empleador, sin la autorizaci\u00f3n previa y expresa de la Empresa o de terceros previamente indicados por ella, salvo que se trate de informaci\u00f3n personal y siempre que la copia de estos materiales cumpla con lo previsto en la legislaci\u00f3n aplicable en materia de propiedad intelectual y mantenga cualquier nota de propiedad contenida en el material original.<\/p><p><strong>4.3.<\/strong> El incumplimiento por parte del Usuario de lo establecido en el apartado 4.2 anterior implica, sin perjuicio de la posible responsabilidad civil y penal, la destrucci\u00f3n de cualquier copia, reproducci\u00f3n, transmisi\u00f3n u otros trabajos derivados y\/o equivalentes realizados por el Usuario. <\/p><p><strong>4.4.<\/strong> Si el Usuario tiene conocimiento de cualquier uso indebido del Sitio Web y sus contenidos, se compromete a notificarlo inmediatamente a la Empresa a trav\u00e9s de cualquiera de los medios de contacto indicados en el apartado 1.2. arriba.<\/p><p><strong>5.<\/strong> Sitios web de terceros<\/p><p><strong>5.1.<\/strong> Es posible que el sitio web contenga enlaces a sitios web de terceros, que no son mantenidos ni controlados por la Empresa y que tendr\u00e1n sus propios T\u00e9rminos y Condiciones y Pol\u00edticas de Privacidad, distintos de los de este sitio web. Dichos enlaces se incluyen \u00fanicamente para comodidad del Usuario, sin que ello implique ninguna asociaci\u00f3n o respaldo por parte de la Empresa a dichos sitios web y a las entidades que los administran, sus contenidos o funcionalidades. <\/p><p><strong>5.2.<\/strong> La Empresa excluye desde ya cualquier responsabilidad por las referencias a sitios web de terceros, por su contenido o por la actividad desarrollada por dichos sitios web, incluida la actividad publicitaria; la Empresa tampoco ser\u00e1 responsable de los da\u00f1os o p\u00e9rdidas que se deriven, directa o indirectamente, del uso de los sitios web de terceros.<\/p><p><strong>6.<\/strong> Limitaci\u00f3n de responsabilidad<\/p><p><strong>6.1.<\/strong> Es preocupaci\u00f3n de la Empresa que el Sitio web corresponda al nivel de satisfacci\u00f3n esperado por el Usuario. Sin embargo, existen garant\u00edas que no pueden asumirse, seg\u00fan lo dispuesto aqu\u00ed. <\/p><p><strong>6.2.<\/strong> La informaci\u00f3n disponible en el sitio web se proporciona \u00abtal cual\u00bb, sin ninguna garant\u00eda o condici\u00f3n, expresa o impl\u00edcita, en cuanto al contenido del sitio web o la precisi\u00f3n o fiabilidad de cualquier informaci\u00f3n o declaraci\u00f3n contenida en \u00e9l, o instrucciones, consejos y opiniones. La Empresa har\u00e1 todo lo posible por incluir informaci\u00f3n precisa y actualizada, siempre que sea posible, pero no ofrece ninguna garant\u00eda ni representaci\u00f3n en cuanto a su precisi\u00f3n o integridad. No obstante, cabe destacar que la Empresa no asume ninguna obligaci\u00f3n de actualizar el contenido. Tenga en cuenta que la informaci\u00f3n contenida en el sitio web puede incluir imprecisiones, errores tipogr\u00e1ficos o estar desactualizada.   <\/p><p><strong>6.3.<\/strong> En ning\u00fan caso la Empresa, la agencia prestadora del servicio o sus respectivos representantes legales o empleados ser\u00e1n responsables de ninguna p\u00e9rdida o da\u00f1o directo, indirecto o consecuente que resulte, se derive o est\u00e9 relacionado con (i) el uso o el rendimiento del Sitio, (ii) la imposibilidad de uso del Sitio por parte del Usuario (iii) o la dependencia de cualquier contenido mostrado en el Sitio web.   <\/p><p><strong>7.<\/strong> Sugerencias y comentarios<\/p><p>Si desea hacer alguna sugerencia o comentario sobre el Sitio web o si tiene alguna pregunta que desee aclarar, p\u00f3ngase en contacto con la Empresa a trav\u00e9s de uno de los medios mencionados en el apartado 1.2. anterior. <\/p><p><strong>8.<\/strong> Nulidad<\/p><p>La invalidez parcial de alguno de los T\u00e9rminos y Condiciones no afectar\u00e1 al resto, que seguir\u00e1n siendo v\u00e1lidos y plenamente vigentes; la parte afectada por la invalidez se regir\u00e1 por las normas supletorias aplicables, recurriendo, si fuera necesario, a las reglas de integraci\u00f3n de los negocios jur\u00eddicos.<\/p><p><strong>9.<\/strong> Modificaciones de los T\u00e9rminos y Condiciones<\/p><p><strong>9.1.<\/strong> La Empresa se reserva el derecho de introducir, en cualquier momento, modificaciones o cambios en los T\u00e9rminos y Condiciones, siendo los cambios relevantes debidamente notificados al Usuario a trav\u00e9s del Sitio Web, mediante avisos espec\u00edficos publicados en el Sitio y previa solicitud del consentimiento del Usuario a dichos cambios. El Usuario deber\u00e1 consultar los T\u00e9rminos y Condiciones con regularidad. <\/p><p><strong>9.2.<\/strong> Si el Usuario no acepta los T\u00e9rminos y Condiciones modificados, deber\u00e1 dejar de utilizar el Sitio web.<\/p><p><strong>9.3.<\/strong> En caso de conflicto entre los presentes T\u00e9rminos y Condiciones y los que se publiquen posteriormente como consecuencia de modificaciones, prevalecer\u00e1n estos \u00faltimos sobre los primeros.<\/p><p>\u00daltima actualizaci\u00f3n: mayo de 2018<\/p>\t\t\t\t\t\t\t\t<\/div>\n\t\t\t\t<\/div>\n\t\t\t\t\t<\/div>\n\t\t\t\t<\/div>\n\t\t\t\t<\/div>\n\t\t","protected":false},"excerpt":{"rendered":"<p>T\u00e9rminos y condiciones generales de uso 1. T\u00e9rminos y condiciones generales de uso 1.1. El presente documento contiene&#8230;<\/p>\n","protected":false},"author":1,"featured_media":0,"parent":0,"menu_order":0,"comment_status":"closed","ping_status":"closed","template":"","meta":{"_acf_changed":false,"rs_blank_template":"","rs_page_bg_color":"","slide_template_v7":"","footnotes":""},"class_list":["post-32603","page","type-page","status-publish","hentry"],"acf":[],"_links":{"self":[{"href":"https:\/\/www.lapodsfactory.com\/es\/wp-json\/wp\/v2\/pages\/32603","targetHints":{"allow":["GET"]}}],"collection":[{"href":"https:\/\/www.lapodsfactory.com\/es\/wp-json\/wp\/v2\/pages"}],"about":[{"href":"https:\/\/www.lapodsfactory.com\/es\/wp-json\/wp\/v2\/types\/page"}],"author":[{"embeddable":true,"href":"https:\/\/www.lapodsfactory.com\/es\/wp-json\/wp\/v2\/users\/1"}],"replies":[{"embeddable":true,"href":"https:\/\/www.lapodsfactory.com\/es\/wp-json\/wp\/v2\/comments?post=32603"}],"version-history":[{"count":4,"href":"https:\/\/www.lapodsfactory.com\/es\/wp-json\/wp\/v2\/pages\/32603\/revisions"}],"predecessor-version":[{"id":35128,"href":"https:\/\/www.lapodsfactory.com\/es\/wp-json\/wp\/v2\/pages\/32603\/revisions\/35128"}],"wp:attachment":[{"href":"https:\/\/www.lapodsfactory.com\/es\/wp-json\/wp\/v2\/media?parent=32603"}],"curies":[{"name":"wp","href":"https:\/\/api.w.org\/{rel}","templated":true}]}}