{"id":30735,"date":"2025-08-22T09:09:45","date_gmt":"2025-08-22T09:09:45","guid":{"rendered":"https:\/\/lapodsfactory.com\/durabilite-et-qualite\/"},"modified":"2025-12-12T17:33:38","modified_gmt":"2025-12-12T17:33:38","slug":"durabilite-et-qualite","status":"publish","type":"page","link":"https:\/\/www.lapodsfactory.com\/fr\/durabilite-et-qualite\/","title":{"rendered":"Durabilit\u00e9 et qualit\u00e9"},"content":{"rendered":"\t\t<div data-elementor-type=\"wp-page\" data-elementor-id=\"30735\" class=\"elementor elementor-30735 elementor-27632\" data-elementor-post-type=\"page\">\n\t\t\t\t\t\t<section class=\"elementor-section elementor-top-section elementor-element elementor-element-72ab7770 elementor-section-height-min-height elementor-section-content-middle elementor-section-boxed elementor-section-height-default elementor-section-items-middle neuron-fixed-no\" data-id=\"72ab7770\" data-element_type=\"section\" data-e-type=\"section\" data-settings=\"{&quot;background_background&quot;:&quot;classic&quot;,&quot;ekit_has_onepagescroll_dot&quot;:&quot;yes&quot;}\">\n\t\t\t\t\t\t\t<div class=\"elementor-background-overlay\"><\/div>\n\t\t\t\t\t\t\t<div class=\"elementor-container elementor-column-gap-wide\">\n\t\t\t\t\t<div class=\"elementor-column elementor-col-100 elementor-top-column elementor-element elementor-element-4df2b99b\" data-id=\"4df2b99b\" data-element_type=\"column\" data-e-type=\"column\">\n\t\t\t<div class=\"elementor-widget-wrap elementor-element-populated\">\n\t\t\t\t\t\t<div class=\"elementor-element elementor-element-351675b8 elementor-widget elementor-widget-heading\" data-id=\"351675b8\" data-element_type=\"widget\" data-e-type=\"widget\" data-settings=\"{&quot;ekit_we_effect_on&quot;:&quot;none&quot;}\" data-widget_type=\"heading.default\">\n\t\t\t\t<div class=\"elementor-widget-container\">\n\t\t\t\t\t<h1 class=\"elementor-heading-title elementor-size-default\">Durabilit\u00e9 et qualit\u00e9<\/h1>\t\t\t\t<\/div>\n\t\t\t\t<\/div>\n\t\t\t\t<div class=\"elementor-element elementor-element-47dd9d54 elementor-widget elementor-widget-text-editor\" data-id=\"47dd9d54\" data-element_type=\"widget\" data-e-type=\"widget\" data-settings=\"{&quot;ekit_we_effect_on&quot;:&quot;none&quot;}\" data-widget_type=\"text-editor.default\">\n\t\t\t\t<div class=\"elementor-widget-container\">\n\t\t\t\t\t\t\t\t\t<p>Nous sommes le changement<\/p>\t\t\t\t\t\t\t\t<\/div>\n\t\t\t\t<\/div>\n\t\t\t\t\t<\/div>\n\t\t<\/div>\n\t\t\t\t\t<\/div>\n\t\t<\/section>\n\t\t<div class=\"elementor-element elementor-element-a405156 e-con-full e-flex neuron-fixed-no e-con e-parent\" data-id=\"a405156\" data-element_type=\"container\" data-e-type=\"container\" data-settings=\"{&quot;ekit_has_onepagescroll_dot&quot;:&quot;yes&quot;}\">\n\t\t<div class=\"elementor-element elementor-element-517a57b6 e-con-full e-flex neuron-fixed-no e-con e-child\" data-id=\"517a57b6\" data-element_type=\"container\" data-e-type=\"container\" data-settings=\"{&quot;ekit_has_onepagescroll_dot&quot;:&quot;yes&quot;}\">\n\t\t<div class=\"elementor-element elementor-element-7b3b9623 e-con-full e-flex neuron-fixed-no e-con e-child\" data-id=\"7b3b9623\" data-element_type=\"container\" data-e-type=\"container\" data-settings=\"{&quot;ekit_has_onepagescroll_dot&quot;:&quot;yes&quot;}\">\n\t\t<div class=\"elementor-element elementor-element-60f8079 e-con-full e-flex neuron-fixed-no e-con e-child\" data-id=\"60f8079\" data-element_type=\"container\" data-e-type=\"container\" data-settings=\"{&quot;ekit_has_onepagescroll_dot&quot;:&quot;yes&quot;}\">\n\t\t\t\t<\/div>\n\t\t<div class=\"elementor-element elementor-element-50553a05 e-con-full e-flex neuron-fixed-no e-con e-child\" data-id=\"50553a05\" data-element_type=\"container\" data-e-type=\"container\" data-settings=\"{&quot;ekit_has_onepagescroll_dot&quot;:&quot;yes&quot;}\">\n\t\t\t\t<div class=\"elementor-element elementor-element-5c2f4b3b elementor-widget elementor-widget-heading\" data-id=\"5c2f4b3b\" data-element_type=\"widget\" data-e-type=\"widget\" data-settings=\"{&quot;ekit_we_effect_on&quot;:&quot;none&quot;}\" data-widget_type=\"heading.default\">\n\t\t\t\t<div class=\"elementor-widget-container\">\n\t\t\t\t\t<h1 class=\"elementor-heading-title elementor-size-default\">RESPONSABILIT\u00c9 ENVIRONNEMENTALE<\/h1>\t\t\t\t<\/div>\n\t\t\t\t<\/div>\n\t\t\t\t<div class=\"elementor-element elementor-element-5597e456 elementor-widget elementor-widget-text-editor\" data-id=\"5597e456\" data-element_type=\"widget\" data-e-type=\"widget\" data-settings=\"{&quot;ekit_we_effect_on&quot;:&quot;none&quot;}\" data-widget_type=\"text-editor.default\">\n\t\t\t\t<div class=\"elementor-widget-container\">\n\t\t\t\t\t\t\t\t\t<p>Chez LPF by Abstractview, nous d\u00e9veloppons des cabines acoustiques respectueuses de l&#8217;environnement, tout en maintenant des normes \u00e9lev\u00e9es d&#8217;excellence et de qualit\u00e9.<\/p>\t\t\t\t\t\t\t\t<\/div>\n\t\t\t\t<\/div>\n\t\t\t\t<\/div>\n\t\t<div class=\"elementor-element elementor-element-516e7c3e e-con-full e-flex neuron-fixed-no e-con e-child\" data-id=\"516e7c3e\" data-element_type=\"container\" data-e-type=\"container\" data-settings=\"{&quot;ekit_has_onepagescroll_dot&quot;:&quot;yes&quot;}\">\n\t\t\t\t<\/div>\n\t\t\t\t<\/div>\n\t\t\t\t<\/div>\n\t\t\t\t<\/div>\n\t\t\t\t<section class=\"elementor-section elementor-top-section elementor-element elementor-element-479e1aff elementor-section-content-middle elementor-section-boxed elementor-section-height-default elementor-section-height-default neuron-fixed-no\" data-id=\"479e1aff\" data-element_type=\"section\" data-e-type=\"section\" data-settings=\"{&quot;ekit_has_onepagescroll_dot&quot;:&quot;yes&quot;}\">\n\t\t\t\t\t\t<div class=\"elementor-container elementor-column-gap-default\">\n\t\t\t\t\t<div class=\"elementor-column elementor-col-33 elementor-top-column elementor-element elementor-element-128e5bff animated-slow elementor-invisible\" data-id=\"128e5bff\" data-element_type=\"column\" data-e-type=\"column\" data-settings=\"{&quot;animation&quot;:&quot;fadeInUp&quot;}\">\n\t\t\t<div class=\"elementor-widget-wrap elementor-element-populated\">\n\t\t\t\t\t\t<div class=\"elementor-element elementor-element-70a4254f elementor-widget elementor-widget-image\" data-id=\"70a4254f\" data-element_type=\"widget\" data-e-type=\"widget\" data-settings=\"{&quot;ekit_we_effect_on&quot;:&quot;none&quot;}\" data-widget_type=\"image.default\">\n\t\t\t\t<div class=\"elementor-widget-container\">\n\t\t\t\t\t\t\t\t\t\t\t\t\t\t\t<img fetchpriority=\"high\" decoding=\"async\" width=\"360\" height=\"360\" src=\"https:\/\/www.lapodsfactory.com\/wp-content\/uploads\/2025\/08\/img-1-sust-qual-360_360.webp\" class=\"attachment-full size-full wp-image-30737\" alt=\"\" srcset=\"https:\/\/www.lapodsfactory.com\/wp-content\/uploads\/2025\/08\/img-1-sust-qual-360_360.webp 360w, https:\/\/www.lapodsfactory.com\/wp-content\/uploads\/2025\/08\/img-1-sust-qual-360_360-150x150.webp 150w\" sizes=\"(max-width: 360px) 100vw, 360px\" \/>\t\t\t\t\t\t\t\t\t\t\t\t\t\t\t<\/div>\n\t\t\t\t<\/div>\n\t\t\t\t\t<\/div>\n\t\t<\/div>\n\t\t\t\t<div class=\"elementor-column elementor-col-66 elementor-top-column elementor-element elementor-element-3b130851 animated-slow elementor-invisible\" data-id=\"3b130851\" data-element_type=\"column\" data-e-type=\"column\" data-settings=\"{&quot;animation&quot;:&quot;fadeInUp&quot;,&quot;animation_delay&quot;:150}\">\n\t\t\t<div class=\"elementor-widget-wrap elementor-element-populated\">\n\t\t\t\t\t\t<div class=\"elementor-element elementor-element-5ed4c8cf elementor-widget elementor-widget-text-editor\" data-id=\"5ed4c8cf\" data-element_type=\"widget\" data-e-type=\"widget\" data-settings=\"{&quot;ekit_we_effect_on&quot;:&quot;none&quot;}\" data-widget_type=\"text-editor.default\">\n\t\t\t\t<div class=\"elementor-widget-container\">\n\t\t\t\t\t\t\t\t\t<p>Chaque produit est fabriqu\u00e9 \u00e0 partir de mat\u00e9riaux durables et respectueux de l&#8217;environnement, contribuant ainsi \u00e0 un avenir plus responsable. Les mati\u00e8res premi\u00e8res utilis\u00e9es sont certifi\u00e9es par le FSC, le PEFC, entre autres, qui garantissent le respect de l&#8217;origine de chacune d&#8217;entre elles. De plus, l&#8217;ensemble du processus d&#8217;emballage respecte les pratiques \u00e9tablies.<\/p>\t\t\t\t\t\t\t\t<\/div>\n\t\t\t\t<\/div>\n\t\t\t\t\t<\/div>\n\t\t<\/div>\n\t\t\t\t\t<\/div>\n\t\t<\/section>\n\t\t<div class=\"elementor-element elementor-element-ec57620 e-con-full e-flex neuron-fixed-no e-con e-parent\" data-id=\"ec57620\" data-element_type=\"container\" data-e-type=\"container\" data-settings=\"{&quot;ekit_has_onepagescroll_dot&quot;:&quot;yes&quot;}\">\n\t\t<div class=\"elementor-element elementor-element-0609230 e-con-full e-flex neuron-fixed-no e-con e-child\" data-id=\"0609230\" data-element_type=\"container\" data-e-type=\"container\" data-settings=\"{&quot;ekit_has_onepagescroll_dot&quot;:&quot;yes&quot;}\">\n\t\t<div class=\"elementor-element elementor-element-0d7325c e-con-full e-flex neuron-fixed-no e-con e-child\" data-id=\"0d7325c\" data-element_type=\"container\" data-e-type=\"container\" data-settings=\"{&quot;ekit_has_onepagescroll_dot&quot;:&quot;yes&quot;}\">\n\t\t<div class=\"elementor-element elementor-element-812f911 e-con-full e-flex neuron-fixed-no e-con e-child\" data-id=\"812f911\" data-element_type=\"container\" data-e-type=\"container\" data-settings=\"{&quot;ekit_has_onepagescroll_dot&quot;:&quot;yes&quot;}\">\n\t\t\t\t<\/div>\n\t\t<div class=\"elementor-element elementor-element-aaa1f64 e-con-full e-flex neuron-fixed-no e-con e-child\" data-id=\"aaa1f64\" data-element_type=\"container\" data-e-type=\"container\" data-settings=\"{&quot;ekit_has_onepagescroll_dot&quot;:&quot;yes&quot;}\">\n\t\t\t\t<div class=\"elementor-element elementor-element-f5a437b elementor-widget elementor-widget-heading\" data-id=\"f5a437b\" data-element_type=\"widget\" data-e-type=\"widget\" data-settings=\"{&quot;ekit_we_effect_on&quot;:&quot;none&quot;}\" data-widget_type=\"heading.default\">\n\t\t\t\t<div class=\"elementor-widget-container\">\n\t\t\t\t\t<h1 class=\"elementor-heading-title elementor-size-default\">Notre engagement<\/h1>\t\t\t\t<\/div>\n\t\t\t\t<\/div>\n\t\t\t\t<div class=\"elementor-element elementor-element-0d1b7aa elementor-widget elementor-widget-text-editor\" data-id=\"0d1b7aa\" data-element_type=\"widget\" data-e-type=\"widget\" data-settings=\"{&quot;ekit_we_effect_on&quot;:&quot;none&quot;}\" data-widget_type=\"text-editor.default\">\n\t\t\t\t<div class=\"elementor-widget-container\">\n\t\t\t\t\t\t\t\t\t<p>Nous nous engageons fermement \u00e0 promouvoir des cabines durables et efficaces.<\/p>\t\t\t\t\t\t\t\t<\/div>\n\t\t\t\t<\/div>\n\t\t\t\t<\/div>\n\t\t<div class=\"elementor-element elementor-element-97105ed e-con-full e-flex neuron-fixed-no e-con e-child\" data-id=\"97105ed\" data-element_type=\"container\" data-e-type=\"container\" data-settings=\"{&quot;ekit_has_onepagescroll_dot&quot;:&quot;yes&quot;}\">\n\t\t\t\t<\/div>\n\t\t\t\t<\/div>\n\t\t\t\t<\/div>\n\t\t\t\t<\/div>\n\t\t<div class=\"elementor-element elementor-element-54ecf0df e-flex e-con-boxed neuron-fixed-no e-con e-parent\" data-id=\"54ecf0df\" data-element_type=\"container\" data-e-type=\"container\" data-settings=\"{&quot;ekit_has_onepagescroll_dot&quot;:&quot;yes&quot;}\">\n\t\t\t\t\t<div class=\"e-con-inner\">\n\t\t<div class=\"elementor-element elementor-element-1ae55cee e-con-full e-flex neuron-fixed-no e-con e-child\" data-id=\"1ae55cee\" data-element_type=\"container\" data-e-type=\"container\" data-settings=\"{&quot;ekit_has_onepagescroll_dot&quot;:&quot;yes&quot;}\">\n\t\t<div class=\"elementor-element elementor-element-654637a4 e-con-full e-flex neuron-fixed-no e-con e-child\" data-id=\"654637a4\" data-element_type=\"container\" data-e-type=\"container\" data-settings=\"{&quot;ekit_has_onepagescroll_dot&quot;:&quot;yes&quot;}\">\n\t\t\t\t<div class=\"elementor-element elementor-element-7019ac57 elementor-widget elementor-widget-image\" data-id=\"7019ac57\" data-element_type=\"widget\" data-e-type=\"widget\" data-settings=\"{&quot;ekit_we_effect_on&quot;:&quot;none&quot;}\" data-widget_type=\"image.default\">\n\t\t\t\t<div class=\"elementor-widget-container\">\n\t\t\t\t\t\t\t\t\t\t\t\t\t\t\t<img decoding=\"async\" width=\"360\" height=\"360\" src=\"https:\/\/www.lapodsfactory.com\/wp-content\/uploads\/2025\/08\/img-2-sust-qual-360_360.webp\" class=\"attachment-full size-full wp-image-30738\" alt=\"\" srcset=\"https:\/\/www.lapodsfactory.com\/wp-content\/uploads\/2025\/08\/img-2-sust-qual-360_360.webp 360w, https:\/\/www.lapodsfactory.com\/wp-content\/uploads\/2025\/08\/img-2-sust-qual-360_360-150x150.webp 150w\" sizes=\"(max-width: 360px) 100vw, 360px\" \/>\t\t\t\t\t\t\t\t\t\t\t\t\t\t\t<\/div>\n\t\t\t\t<\/div>\n\t\t\t\t<\/div>\n\t\t<div class=\"elementor-element elementor-element-41a908eb e-con-full e-flex neuron-fixed-no e-con e-child\" data-id=\"41a908eb\" data-element_type=\"container\" data-e-type=\"container\" data-settings=\"{&quot;ekit_has_onepagescroll_dot&quot;:&quot;yes&quot;}\">\n\t\t\t\t<div class=\"elementor-element elementor-element-41450520 elementor-widget elementor-widget-text-editor\" data-id=\"41450520\" data-element_type=\"widget\" data-e-type=\"widget\" data-settings=\"{&quot;ekit_we_effect_on&quot;:&quot;none&quot;}\" data-widget_type=\"text-editor.default\">\n\t\t\t\t<div class=\"elementor-widget-container\">\n\t\t\t\t\t\t\t\t\t<p style=\"font-weight: 400;\">Dans le cadre de cet engagement, nous avons lanc\u00e9 la gamme Eco-Friendly, con\u00e7ue \u00e0 partir de mat\u00e9riaux 100 % \u00e9cologiques. Cette gamme refl\u00e8te notre vision globale d&#8217;un d\u00e9veloppement responsable, alliant innovation durable et qualit\u00e9. <\/p>\t\t\t\t\t\t\t\t<\/div>\n\t\t\t\t<\/div>\n\t\t\t\t<\/div>\n\t\t\t\t<\/div>\n\t\t<div class=\"elementor-element elementor-element-401a887e e-con-full e-flex neuron-fixed-no e-con e-child\" data-id=\"401a887e\" data-element_type=\"container\" data-e-type=\"container\" data-settings=\"{&quot;ekit_has_onepagescroll_dot&quot;:&quot;yes&quot;}\">\n\t\t<div class=\"elementor-element elementor-element-59ce431d e-con-full e-flex neuron-fixed-no e-con e-child\" data-id=\"59ce431d\" data-element_type=\"container\" data-e-type=\"container\" data-settings=\"{&quot;ekit_has_onepagescroll_dot&quot;:&quot;yes&quot;}\">\n\t\t\t\t<div class=\"elementor-element elementor-element-47dacfb1 elementor-widget elementor-widget-text-editor\" data-id=\"47dacfb1\" data-element_type=\"widget\" data-e-type=\"widget\" data-settings=\"{&quot;ekit_we_effect_on&quot;:&quot;none&quot;}\" data-widget_type=\"text-editor.default\">\n\t\t\t\t<div class=\"elementor-widget-container\">\n\t\t\t\t\t\t\t\t\t<p style=\"font-weight: 400;\">Nous avons \u00e9galement opt\u00e9 pour le remplacement direct des composants d\u00e9fectueux, \u00e9vitant ainsi un changement complet. De cette initiative est n\u00e9e Recycled Pods : une solution pour r\u00e9duire le rejet des cabines encore fonctionnelles.<\/p>\t\t\t\t\t\t\t\t<\/div>\n\t\t\t\t<\/div>\n\t\t\t\t<\/div>\n\t\t<div class=\"elementor-element elementor-element-3131336f e-con-full e-flex neuron-fixed-no e-con e-child\" data-id=\"3131336f\" data-element_type=\"container\" data-e-type=\"container\" data-settings=\"{&quot;ekit_has_onepagescroll_dot&quot;:&quot;yes&quot;}\">\n\t\t\t\t<div class=\"elementor-element elementor-element-4df58f01 elementor-widget elementor-widget-image\" data-id=\"4df58f01\" data-element_type=\"widget\" data-e-type=\"widget\" data-settings=\"{&quot;ekit_we_effect_on&quot;:&quot;none&quot;}\" data-widget_type=\"image.default\">\n\t\t\t\t<div class=\"elementor-widget-container\">\n\t\t\t\t\t\t\t\t\t\t\t\t\t\t\t<img decoding=\"async\" width=\"360\" height=\"360\" src=\"https:\/\/www.lapodsfactory.com\/wp-content\/uploads\/2025\/08\/img-3-sust-qual-360_360.webp\" class=\"attachment-full size-full wp-image-30739\" alt=\"\" srcset=\"https:\/\/www.lapodsfactory.com\/wp-content\/uploads\/2025\/08\/img-3-sust-qual-360_360.webp 360w, https:\/\/www.lapodsfactory.com\/wp-content\/uploads\/2025\/08\/img-3-sust-qual-360_360-150x150.webp 150w\" sizes=\"(max-width: 360px) 100vw, 360px\" \/>\t\t\t\t\t\t\t\t\t\t\t\t\t\t\t<\/div>\n\t\t\t\t<\/div>\n\t\t\t\t<\/div>\n\t\t\t\t<\/div>\n\t\t\t\t\t<\/div>\n\t\t\t\t<\/div>\n\t\t<div class=\"elementor-element elementor-element-1aad2e0 e-flex e-con-boxed neuron-fixed-no e-con e-parent\" data-id=\"1aad2e0\" data-element_type=\"container\" data-e-type=\"container\" data-settings=\"{&quot;ekit_has_onepagescroll_dot&quot;:&quot;yes&quot;}\">\n\t\t\t\t\t<div class=\"e-con-inner\">\n\t\t\t\t<div class=\"elementor-element elementor-element-25f03b7 elementor-widget elementor-widget-text-editor\" data-id=\"25f03b7\" data-element_type=\"widget\" data-e-type=\"widget\" data-settings=\"{&quot;ekit_we_effect_on&quot;:&quot;none&quot;}\" data-widget_type=\"text-editor.default\">\n\t\t\t\t<div class=\"elementor-widget-container\">\n\t\t\t\t\t\t\t\t\t<p>Ces initiatives renforcent notre mission qui consiste \u00e0 adopter des pratiques durables \u00e0 toutes les \u00e9tapes du processus, en alliant qualit\u00e9 et excellence \u00e0 des produits respectueux de l&#8217;environnement.<\/p>\t\t\t\t\t\t\t\t<\/div>\n\t\t\t\t<\/div>\n\t\t\t\t\t<\/div>\n\t\t\t\t<\/div>\n\t\t\t\t<\/div>\n\t\t","protected":false},"excerpt":{"rendered":"<p>Durabilit\u00e9 et qualit\u00e9 Nous sommes le changement RESPONSABILIT\u00c9 ENVIRONNEMENTALE Chez LPF by Abstractview, nous d\u00e9veloppons des cabines acoustiques&#8230;<\/p>\n","protected":false},"author":1,"featured_media":0,"parent":0,"menu_order":0,"comment_status":"closed","ping_status":"closed","template":"","meta":{"_acf_changed":false,"rs_blank_template":"","rs_page_bg_color":"","slide_template_v7":"","footnotes":""},"class_list":["post-30735","page","type-page","status-publish","hentry"],"acf":[],"_links":{"self":[{"href":"https:\/\/www.lapodsfactory.com\/fr\/wp-json\/wp\/v2\/pages\/30735","targetHints":{"allow":["GET"]}}],"collection":[{"href":"https:\/\/www.lapodsfactory.com\/fr\/wp-json\/wp\/v2\/pages"}],"about":[{"href":"https:\/\/www.lapodsfactory.com\/fr\/wp-json\/wp\/v2\/types\/page"}],"author":[{"embeddable":true,"href":"https:\/\/www.lapodsfactory.com\/fr\/wp-json\/wp\/v2\/users\/1"}],"replies":[{"embeddable":true,"href":"https:\/\/www.lapodsfactory.com\/fr\/wp-json\/wp\/v2\/comments?post=30735"}],"version-history":[{"count":2,"href":"https:\/\/www.lapodsfactory.com\/fr\/wp-json\/wp\/v2\/pages\/30735\/revisions"}],"predecessor-version":[{"id":32913,"href":"https:\/\/www.lapodsfactory.com\/fr\/wp-json\/wp\/v2\/pages\/30735\/revisions\/32913"}],"wp:attachment":[{"href":"https:\/\/www.lapodsfactory.com\/fr\/wp-json\/wp\/v2\/media?parent=30735"}],"curies":[{"name":"wp","href":"https:\/\/api.w.org\/{rel}","templated":true}]}}