{"id":30741,"date":"2025-08-22T10:29:09","date_gmt":"2025-08-22T10:29:09","guid":{"rendered":"https:\/\/lapodsfactory.com\/innovation-et-technologie\/"},"modified":"2025-12-14T15:10:50","modified_gmt":"2025-12-14T15:10:50","slug":"innovation-et-technologie","status":"publish","type":"page","link":"https:\/\/www.lapodsfactory.com\/fr\/innovation-et-technologie\/","title":{"rendered":"Innovation et technologie"},"content":{"rendered":"\t\t<div data-elementor-type=\"wp-page\" data-elementor-id=\"30741\" class=\"elementor elementor-30741 elementor-27689\" data-elementor-post-type=\"page\">\n\t\t\t\t\t\t<section class=\"elementor-section elementor-top-section elementor-element elementor-element-72ab7770 elementor-section-height-min-height elementor-section-content-middle elementor-section-boxed elementor-section-height-default elementor-section-items-middle neuron-fixed-no\" data-id=\"72ab7770\" data-element_type=\"section\" data-e-type=\"section\" data-settings=\"{&quot;background_background&quot;:&quot;classic&quot;,&quot;ekit_has_onepagescroll_dot&quot;:&quot;yes&quot;}\">\n\t\t\t\t\t\t\t<div class=\"elementor-background-overlay\"><\/div>\n\t\t\t\t\t\t\t<div class=\"elementor-container elementor-column-gap-wide\">\n\t\t\t\t\t<div class=\"elementor-column elementor-col-100 elementor-top-column elementor-element elementor-element-4df2b99b\" data-id=\"4df2b99b\" data-element_type=\"column\" data-e-type=\"column\">\n\t\t\t<div class=\"elementor-widget-wrap elementor-element-populated\">\n\t\t\t\t\t\t<div class=\"elementor-element elementor-element-351675b8 elementor-widget elementor-widget-heading\" data-id=\"351675b8\" data-element_type=\"widget\" data-e-type=\"widget\" data-settings=\"{&quot;ekit_we_effect_on&quot;:&quot;none&quot;}\" data-widget_type=\"heading.default\">\n\t\t\t\t<div class=\"elementor-widget-container\">\n\t\t\t\t\t<h1 class=\"elementor-heading-title elementor-size-default\">Innovation et technologie<\/h1>\t\t\t\t<\/div>\n\t\t\t\t<\/div>\n\t\t\t\t<div class=\"elementor-element elementor-element-47dd9d54 elementor-widget elementor-widget-text-editor\" data-id=\"47dd9d54\" data-element_type=\"widget\" data-e-type=\"widget\" data-settings=\"{&quot;ekit_we_effect_on&quot;:&quot;none&quot;}\" data-widget_type=\"text-editor.default\">\n\t\t\t\t<div class=\"elementor-widget-container\">\n\t\t\t\t\t\t\t\t\t<p>Nous nous engageons \u00e0 soutenir vos grandes id\u00e9es !<\/p>\t\t\t\t\t\t\t\t<\/div>\n\t\t\t\t<\/div>\n\t\t\t\t\t<\/div>\n\t\t<\/div>\n\t\t\t\t\t<\/div>\n\t\t<\/section>\n\t\t<div class=\"elementor-element elementor-element-699c8325 e-con-full e-flex neuron-fixed-no e-con e-parent\" data-id=\"699c8325\" data-element_type=\"container\" data-e-type=\"container\" data-settings=\"{&quot;ekit_has_onepagescroll_dot&quot;:&quot;yes&quot;}\">\n\t\t<div class=\"elementor-element elementor-element-6d743764 e-con-full e-flex neuron-fixed-no e-con e-child\" data-id=\"6d743764\" data-element_type=\"container\" data-e-type=\"container\" data-settings=\"{&quot;ekit_has_onepagescroll_dot&quot;:&quot;yes&quot;}\">\n\t\t<div class=\"elementor-element elementor-element-761c66b5 e-con-full e-flex neuron-fixed-no e-con e-child\" data-id=\"761c66b5\" data-element_type=\"container\" data-e-type=\"container\" data-settings=\"{&quot;ekit_has_onepagescroll_dot&quot;:&quot;yes&quot;}\">\n\t\t<div class=\"elementor-element elementor-element-68874062 e-con-full e-flex neuron-fixed-no e-con e-child\" data-id=\"68874062\" data-element_type=\"container\" data-e-type=\"container\" data-settings=\"{&quot;ekit_has_onepagescroll_dot&quot;:&quot;yes&quot;}\">\n\t\t\t\t<\/div>\n\t\t<div class=\"elementor-element elementor-element-5ec6bd43 e-con-full e-flex neuron-fixed-no e-con e-child\" data-id=\"5ec6bd43\" data-element_type=\"container\" data-e-type=\"container\" data-settings=\"{&quot;ekit_has_onepagescroll_dot&quot;:&quot;yes&quot;}\">\n\t\t\t\t<div class=\"elementor-element elementor-element-18ecd282 elementor-widget elementor-widget-heading\" data-id=\"18ecd282\" data-element_type=\"widget\" data-e-type=\"widget\" data-settings=\"{&quot;ekit_we_effect_on&quot;:&quot;none&quot;}\" data-widget_type=\"heading.default\">\n\t\t\t\t<div class=\"elementor-widget-container\">\n\t\t\t\t\t<h1 class=\"elementor-heading-title elementor-size-default\">Solutions acoustiques tourn\u00e9es vers l'avenir<\/h1>\t\t\t\t<\/div>\n\t\t\t\t<\/div>\n\t\t\t\t<\/div>\n\t\t<div class=\"elementor-element elementor-element-31a8192d e-con-full e-flex neuron-fixed-no e-con e-child\" data-id=\"31a8192d\" data-element_type=\"container\" data-e-type=\"container\" data-settings=\"{&quot;ekit_has_onepagescroll_dot&quot;:&quot;yes&quot;}\">\n\t\t\t\t<\/div>\n\t\t\t\t<\/div>\n\t\t\t\t<\/div>\n\t\t\t\t<\/div>\n\t\t<div class=\"elementor-element elementor-element-3d1b98c e-flex e-con-boxed neuron-fixed-no e-con e-parent\" data-id=\"3d1b98c\" data-element_type=\"container\" data-e-type=\"container\" data-settings=\"{&quot;ekit_has_onepagescroll_dot&quot;:&quot;yes&quot;}\">\n\t\t\t\t\t<div class=\"e-con-inner\">\n\t\t<div class=\"elementor-element elementor-element-271b8bea e-grid e-con-full neuron-fixed-no e-con e-child\" data-id=\"271b8bea\" data-element_type=\"container\" data-e-type=\"container\" data-settings=\"{&quot;ekit_has_onepagescroll_dot&quot;:&quot;yes&quot;}\">\n\t\t<div class=\"elementor-element elementor-element-503c91da e-con-full e-flex neuron-fixed-no e-con e-child\" data-id=\"503c91da\" data-element_type=\"container\" data-e-type=\"container\" data-settings=\"{&quot;ekit_has_onepagescroll_dot&quot;:&quot;yes&quot;}\">\n\t\t\t\t<div class=\"elementor-element elementor-element-73ae3299 elementor-widget elementor-widget-image\" data-id=\"73ae3299\" data-element_type=\"widget\" data-e-type=\"widget\" data-settings=\"{&quot;ekit_we_effect_on&quot;:&quot;none&quot;}\" data-widget_type=\"image.default\">\n\t\t\t\t<div class=\"elementor-widget-container\">\n\t\t\t\t\t\t\t\t\t\t\t\t\t\t\t<img fetchpriority=\"high\" decoding=\"async\" width=\"360\" height=\"360\" src=\"https:\/\/www.lapodsfactory.com\/wp-content\/uploads\/2025\/08\/img-1-inovacao-tecnologia-360_360.webp\" class=\"attachment-full size-full wp-image-30743\" alt=\"\" srcset=\"https:\/\/www.lapodsfactory.com\/wp-content\/uploads\/2025\/08\/img-1-inovacao-tecnologia-360_360.webp 360w, https:\/\/www.lapodsfactory.com\/wp-content\/uploads\/2025\/08\/img-1-inovacao-tecnologia-360_360-150x150.webp 150w\" sizes=\"(max-width: 360px) 100vw, 360px\" \/>\t\t\t\t\t\t\t\t\t\t\t\t\t\t\t<\/div>\n\t\t\t\t<\/div>\n\t\t<div class=\"elementor-element elementor-element-485536e9 e-con-full e-flex neuron-fixed-no e-con e-child\" data-id=\"485536e9\" data-element_type=\"container\" data-e-type=\"container\" data-settings=\"{&quot;ekit_has_onepagescroll_dot&quot;:&quot;yes&quot;}\">\n\t\t\t\t<div class=\"elementor-element elementor-element-4cf2294b elementor-widget elementor-widget-text-editor\" data-id=\"4cf2294b\" data-element_type=\"widget\" data-e-type=\"widget\" data-settings=\"{&quot;ekit_we_effect_on&quot;:&quot;none&quot;}\" data-widget_type=\"text-editor.default\">\n\t\t\t\t<div class=\"elementor-widget-container\">\n\t\t\t\t\t\t\t\t\t<p style=\"font-weight: 400;\">Chaque projet est d\u00e9velopp\u00e9 en mettant l&#8217;accent sur le client, en combinant innovation et technologie afin d&#8217;offrir des fonctionnalit\u00e9s qui d\u00e9passent les attentes et am\u00e9liorent l&#8217;exp\u00e9rience. <\/p>\t\t\t\t\t\t\t\t<\/div>\n\t\t\t\t<\/div>\n\t\t\t\t<\/div>\n\t\t\t\t<\/div>\n\t\t<div class=\"elementor-element elementor-element-22771873 e-con-full e-flex neuron-fixed-no e-con e-child\" data-id=\"22771873\" data-element_type=\"container\" data-e-type=\"container\" data-settings=\"{&quot;ekit_has_onepagescroll_dot&quot;:&quot;yes&quot;}\">\n\t\t<div class=\"elementor-element elementor-element-223538a9 e-con-full e-flex neuron-fixed-no e-con e-child\" data-id=\"223538a9\" data-element_type=\"container\" data-e-type=\"container\" data-settings=\"{&quot;ekit_has_onepagescroll_dot&quot;:&quot;yes&quot;}\">\n\t\t\t\t<div class=\"elementor-element elementor-element-33c0601f elementor-widget elementor-widget-text-editor\" data-id=\"33c0601f\" data-element_type=\"widget\" data-e-type=\"widget\" data-settings=\"{&quot;ekit_we_effect_on&quot;:&quot;none&quot;}\" data-widget_type=\"text-editor.default\">\n\t\t\t\t<div class=\"elementor-widget-container\">\n\t\t\t\t\t\t\t\t\t<p style=\"font-weight: 400;\">Notre engagement en faveur d&#8217;une modernisation constante nous permet de transformer des id\u00e9es en produits r\u00e9els et fonctionnels, toujours d\u00e9velopp\u00e9s avec le plus grand soin et une attention particuli\u00e8re port\u00e9e aux d\u00e9tails. <\/p>\t\t\t\t\t\t\t\t<\/div>\n\t\t\t\t<\/div>\n\t\t\t\t<\/div>\n\t\t\t\t<div class=\"elementor-element elementor-element-51dca0d4 elementor-widget elementor-widget-image\" data-id=\"51dca0d4\" data-element_type=\"widget\" data-e-type=\"widget\" data-settings=\"{&quot;ekit_we_effect_on&quot;:&quot;none&quot;}\" data-widget_type=\"image.default\">\n\t\t\t\t<div class=\"elementor-widget-container\">\n\t\t\t\t\t\t\t\t\t\t\t\t\t\t\t<img decoding=\"async\" width=\"360\" height=\"360\" src=\"https:\/\/www.lapodsfactory.com\/wp-content\/uploads\/2025\/08\/img-2-inovacao-tecnologia-360_360.webp\" class=\"attachment-full size-full wp-image-30744\" alt=\"\" srcset=\"https:\/\/www.lapodsfactory.com\/wp-content\/uploads\/2025\/08\/img-2-inovacao-tecnologia-360_360.webp 360w, https:\/\/www.lapodsfactory.com\/wp-content\/uploads\/2025\/08\/img-2-inovacao-tecnologia-360_360-150x150.webp 150w\" sizes=\"(max-width: 360px) 100vw, 360px\" \/>\t\t\t\t\t\t\t\t\t\t\t\t\t\t\t<\/div>\n\t\t\t\t<\/div>\n\t\t\t\t<\/div>\n\t\t\t\t<\/div>\n\t\t\t\t\t<\/div>\n\t\t\t\t<\/div>\n\t\t<div class=\"elementor-element elementor-element-5474878d e-con-full e-flex neuron-fixed-no e-con e-parent\" data-id=\"5474878d\" data-element_type=\"container\" data-e-type=\"container\" data-settings=\"{&quot;ekit_has_onepagescroll_dot&quot;:&quot;yes&quot;}\">\n\t\t<div class=\"elementor-element elementor-element-340197e e-con-full e-flex neuron-fixed-no e-con e-child\" data-id=\"340197e\" data-element_type=\"container\" data-e-type=\"container\" data-settings=\"{&quot;ekit_has_onepagescroll_dot&quot;:&quot;yes&quot;}\">\n\t\t<div class=\"elementor-element elementor-element-29113b4c e-con-full e-flex neuron-fixed-no e-con e-child\" data-id=\"29113b4c\" data-element_type=\"container\" data-e-type=\"container\" data-settings=\"{&quot;ekit_has_onepagescroll_dot&quot;:&quot;yes&quot;}\">\n\t\t<div class=\"elementor-element elementor-element-22baa574 e-con-full e-flex neuron-fixed-no e-con e-child\" data-id=\"22baa574\" data-element_type=\"container\" data-e-type=\"container\" data-settings=\"{&quot;ekit_has_onepagescroll_dot&quot;:&quot;yes&quot;}\">\n\t\t\t\t<\/div>\n\t\t<div class=\"elementor-element elementor-element-52c75913 e-con-full e-flex neuron-fixed-no e-con e-child\" data-id=\"52c75913\" data-element_type=\"container\" data-e-type=\"container\" data-settings=\"{&quot;ekit_has_onepagescroll_dot&quot;:&quot;yes&quot;}\">\n\t\t\t\t<div class=\"elementor-element elementor-element-506d9915 elementor-widget elementor-widget-heading\" data-id=\"506d9915\" data-element_type=\"widget\" data-e-type=\"widget\" data-settings=\"{&quot;ekit_we_effect_on&quot;:&quot;none&quot;}\" data-widget_type=\"heading.default\">\n\t\t\t\t<div class=\"elementor-widget-container\">\n\t\t\t\t\t<h1 class=\"elementor-heading-title elementor-size-default\">Notre parcours dans l'innovation\n<\/h1>\t\t\t\t<\/div>\n\t\t\t\t<\/div>\n\t\t\t\t<div class=\"elementor-element elementor-element-2a20e3bb elementor-widget elementor-widget-text-editor\" data-id=\"2a20e3bb\" data-element_type=\"widget\" data-e-type=\"widget\" data-settings=\"{&quot;ekit_we_effect_on&quot;:&quot;none&quot;}\" data-widget_type=\"text-editor.default\">\n\t\t\t\t<div class=\"elementor-widget-container\">\n\t\t\t\t\t\t\t\t\t<p>Nous vous pr\u00e9sentons quelques projets ant\u00e9rieurs qui refl\u00e8tent un design innovant alli\u00e9 \u00e0 la fonctionnalit\u00e9 et \u00e0 une technologie de pointe. <\/p>\t\t\t\t\t\t\t\t<\/div>\n\t\t\t\t<\/div>\n\t\t\t\t<\/div>\n\t\t<div class=\"elementor-element elementor-element-6e4dabd3 e-con-full e-flex neuron-fixed-no e-con e-child\" data-id=\"6e4dabd3\" data-element_type=\"container\" data-e-type=\"container\" data-settings=\"{&quot;ekit_has_onepagescroll_dot&quot;:&quot;yes&quot;}\">\n\t\t\t\t<\/div>\n\t\t\t\t<\/div>\n\t\t\t\t<\/div>\n\t\t\t\t<\/div>\n\t\t\t\t<section class=\"elementor-section elementor-top-section elementor-element elementor-element-7bae64b elementor-section-full_width elementor-section-height-default elementor-section-height-default neuron-fixed-no\" data-id=\"7bae64b\" data-element_type=\"section\" data-e-type=\"section\" data-settings=\"{&quot;ekit_has_onepagescroll_dot&quot;:&quot;yes&quot;}\">\n\t\t\t\t\t\t<div class=\"elementor-container elementor-column-gap-no\">\n\t\t\t\t\t<div class=\"elementor-column elementor-col-100 elementor-top-column elementor-element elementor-element-42cbc5c0\" data-id=\"42cbc5c0\" data-element_type=\"column\" data-e-type=\"column\">\n\t\t\t<div class=\"elementor-widget-wrap elementor-element-populated\">\n\t\t\t\t\t\t<div class=\"elementor-element elementor-element-28d0374f h-overflow-hidden elementor-widget elementor-widget-neuron-media-gallery\" data-id=\"28d0374f\" data-element_type=\"widget\" data-e-type=\"widget\" data-settings=\"{&quot;ekit_we_effect_on&quot;:&quot;none&quot;}\" data-widget_type=\"neuron-media-gallery.default\">\n\t\t\t\t<div class=\"elementor-widget-container\">\n\t\t\t\t\t\t\t<div class=\"l-posts-wrapper l-filters-holder l-posts-wrapper--meta-inside\" data-posts=\"28d0374f\">\n\t\t\t\t\t\t<div class=\"m-media-gallery m-media-gallery--meta-inside\">\n\t\t\t\t<div class=\"owl-carousel owl-theme\" id=\"235df7b9f0a9a2ba3b7f0b483d464560\">\n                    <div class=\"m-media-gallery__item item h-fadeInUpNeuron wow\" >\n            <div class=\"o-neuron-hover o-neuron-hover--meta-inside o-neuron-hover--translate\">\n    <div class=\"o-neuron-hover-holder h-lightbox\">\n        <div class=\"o-neuron-hover-holder__header\">\n            <div class=\"o-neuron-hover-holder__header__media\">\n                <div class=\"h-calculated-image\" style=\"padding-bottom: 100.000000% !important;\"><img decoding=\"async\" width=\"850\" height=\"850\" src=\"https:\/\/www.lapodsfactory.com\/wp-content\/uploads\/2025\/08\/img-health-850_850.webp\" class=\"attachment-full size-full\" alt=\"\" srcset=\"https:\/\/www.lapodsfactory.com\/wp-content\/uploads\/2025\/08\/img-health-850_850.webp 850w, https:\/\/www.lapodsfactory.com\/wp-content\/uploads\/2025\/08\/img-health-850_850-150x150.webp 150w\" sizes=\"(max-width: 850px) 100vw, 850px\" \/><\/div>            <\/div>\n                            <div class=\"o-neuron-hover-holder__header__overlay\"><\/div>\n                    <\/div>\n                    <div class=\"o-neuron-hover-holder__body d-flex justify-content-center align-items-end\">\n                <div class=\"o-neuron-hover-holder__body__inner\">\n                    <div class=\"o-neuron-hover-holder__body-meta\">\n                                                    <h6 class=\"o-neuron-hover-holder__body-meta__title\">Health<\/h6>\n                                                                            <div class=\"o-neuron-hover-holder__body-meta__subtitle\"><span>Con\u00e7ue pour fournir des soins m\u00e9dicaux accessibles \u00e0 tous, partout, gr\u00e2ce \u00e0 la t\u00e9l\u00e9m\u00e9decine.<\/span><\/div>\n                                                                        <div class=\"m-social-media o-neuron-hover-holder__body-meta__social-media\">\n                                                    <\/div>\n                    <\/div>\n                    <a title=\"Health\" class=\"h-lightbox-link\" data-mfp-src=https:\/\/lapodsfactory.com\/wp-content\/uploads\/2025\/08\/img-health-850_850.webp  ><\/a>                <\/div>\n            <\/div>\n            <\/div>\n<\/div>\n        <\/div>\n                    <div class=\"m-media-gallery__item item h-fadeInUpNeuron wow\" data-wow-delay=0.2s>\n            <div class=\"o-neuron-hover o-neuron-hover--meta-inside o-neuron-hover--translate\">\n    <div class=\"o-neuron-hover-holder h-lightbox\">\n        <div class=\"o-neuron-hover-holder__header\">\n            <div class=\"o-neuron-hover-holder__header__media\">\n                <div class=\"h-calculated-image\" style=\"padding-bottom: 100.000000% !important;\"><img loading=\"lazy\" decoding=\"async\" width=\"850\" height=\"850\" src=\"https:\/\/www.lapodsfactory.com\/wp-content\/uploads\/2025\/08\/img-dream-box-850_850.webp\" class=\"attachment-full size-full\" alt=\"\" srcset=\"https:\/\/www.lapodsfactory.com\/wp-content\/uploads\/2025\/08\/img-dream-box-850_850.webp 850w, https:\/\/www.lapodsfactory.com\/wp-content\/uploads\/2025\/08\/img-dream-box-850_850-150x150.webp 150w\" sizes=\"(max-width: 850px) 100vw, 850px\" \/><\/div>            <\/div>\n                            <div class=\"o-neuron-hover-holder__header__overlay\"><\/div>\n                    <\/div>\n                    <div class=\"o-neuron-hover-holder__body d-flex justify-content-center align-items-end\">\n                <div class=\"o-neuron-hover-holder__body__inner\">\n                    <div class=\"o-neuron-hover-holder__body-meta\">\n                                                    <h6 class=\"o-neuron-hover-holder__body-meta__title\">Dream Box<\/h6>\n                                                                            <div class=\"o-neuron-hover-holder__body-meta__subtitle\"><span>Cabines de bien-\u00eatre con\u00e7ues pour offrir des espaces d\u00e9di\u00e9s \u00e0 la d\u00e9tente et au repos.<\/span><\/div>\n                                                                        <div class=\"m-social-media o-neuron-hover-holder__body-meta__social-media\">\n                                                    <\/div>\n                    <\/div>\n                    <a title=\"Dream Box\" class=\"h-lightbox-link\" data-mfp-src=https:\/\/lapodsfactory.com\/wp-content\/uploads\/2025\/08\/img-dream-box-850_850.webp  ><\/a>                <\/div>\n            <\/div>\n            <\/div>\n<\/div>\n        <\/div>\n                    <div class=\"m-media-gallery__item item h-fadeInUpNeuron wow\" data-wow-delay=0.4s>\n            <div class=\"o-neuron-hover o-neuron-hover--meta-inside o-neuron-hover--translate\">\n    <div class=\"o-neuron-hover-holder h-lightbox\">\n        <div class=\"o-neuron-hover-holder__header\">\n            <div class=\"o-neuron-hover-holder__header__media\">\n                <div class=\"h-calculated-image\" style=\"padding-bottom: 100.000000% !important;\"><img loading=\"lazy\" decoding=\"async\" width=\"850\" height=\"850\" src=\"https:\/\/www.lapodsfactory.com\/wp-content\/uploads\/2025\/08\/img-learning-technology-850_850.webp\" class=\"attachment-full size-full\" alt=\"\" srcset=\"https:\/\/www.lapodsfactory.com\/wp-content\/uploads\/2025\/08\/img-learning-technology-850_850.webp 850w, https:\/\/www.lapodsfactory.com\/wp-content\/uploads\/2025\/08\/img-learning-technology-850_850-150x150.webp 150w\" sizes=\"(max-width: 850px) 100vw, 850px\" \/><\/div>            <\/div>\n                            <div class=\"o-neuron-hover-holder__header__overlay\"><\/div>\n                    <\/div>\n                    <div class=\"o-neuron-hover-holder__body d-flex justify-content-center align-items-end\">\n                <div class=\"o-neuron-hover-holder__body__inner\">\n                    <div class=\"o-neuron-hover-holder__body-meta\">\n                                                    <h6 class=\"o-neuron-hover-holder__body-meta__title\">Learning TECH Smart Pod<\/h6>\n                                                                            <div class=\"o-neuron-hover-holder__body-meta__subtitle\"><span>D\u00e9velopp\u00e9e pour \u00eatre utilis\u00e9e comme studio d&#039;enregistrement audio et vid\u00e9o, int\u00e9grant une excellente acoustique.<\/span><\/div>\n                                                                        <div class=\"m-social-media o-neuron-hover-holder__body-meta__social-media\">\n                                                    <\/div>\n                    <\/div>\n                    <a title=\"Learning TECH Smart Pod\" class=\"h-lightbox-link\" data-mfp-src=https:\/\/lapodsfactory.com\/wp-content\/uploads\/2025\/08\/img-learning-technology-850_850.webp  ><\/a>                <\/div>\n            <\/div>\n            <\/div>\n<\/div>\n        <\/div>\n    <\/div>\n<script type=\"text\/javascript\">\n    jQuery(function ($) {\n        var owl = $('#235df7b9f0a9a2ba3b7f0b483d464560');\n\n        owl.owlCarousel({\n            items: 1,\n            margin: 1,\n            autoHeight: false,\n            loop: false,\n            mouseDrag: true,\n            touchDrag: true,\n            stagePadding: 0,\n            startPosition: 0,\n            nav: true,\n            navText: [\n                '<svg xmlns=\"http:\/\/www.w3.org\/2000\/svg\" width=\"24\" height=\"24\" viewBox=\"0 0 24 24\" fill=\"none\" stroke=\"currentColor\" stroke-width=\"1.5\" stroke-linecap=\"round\" stroke-linejoin=\"round\" class=\"feather feather-arrow-left\"><line x1=\"19\" y1=\"12\" x2=\"5\" y2=\"12\"><\/line><polyline points=\"12 19 5 12 12 5\"><\/polyline><\/svg>',\n                '<svg xmlns=\"http:\/\/www.w3.org\/2000\/svg\" width=\"24\" height=\"24\" viewBox=\"0 0 24 24\" fill=\"none\" stroke=\"currentColor\" stroke-width=\"1.5\" stroke-linecap=\"round\" stroke-linejoin=\"round\" class=\"feather feather-arrow-right\"><line x1=\"5\" y1=\"12\" x2=\"19\" y2=\"12\"><\/line><polyline points=\"12 5 19 12 12 19\"><\/polyline><\/svg>'\n            ],\n            dots: false,\n            autoplay: false,\n            autoplayTimeout: 2000,\n            autoplayHoverPause: false,\n            smartSpeed: 450,\n            responsive:{\n                768:{\n                    items: 2,\n                    margin: 1,\n                    stagePadding: 0                },\n                992:{\n                    items: 3,\n                    margin: 0,\n                    stagePadding: 0                }\n            }\n        });\n    });\n<\/script>\t\t\t<\/div>\n        <\/div>\n        \t\t\t\t<\/div>\n\t\t\t\t<\/div>\n\t\t\t\t\t<\/div>\n\t\t<\/div>\n\t\t\t\t\t<\/div>\n\t\t<\/section>\n\t\t<div class=\"elementor-element elementor-element-fb6cc92 e-flex e-con-boxed neuron-fixed-no e-con e-parent\" data-id=\"fb6cc92\" data-element_type=\"container\" data-e-type=\"container\" data-settings=\"{&quot;ekit_has_onepagescroll_dot&quot;:&quot;yes&quot;}\">\n\t\t\t\t\t<div class=\"e-con-inner\">\n\t\t\t\t<div class=\"elementor-element elementor-element-3478d2a elementor-widget elementor-widget-text-editor\" data-id=\"3478d2a\" data-element_type=\"widget\" data-e-type=\"widget\" data-settings=\"{&quot;ekit_we_effect_on&quot;:&quot;none&quot;}\" data-widget_type=\"text-editor.default\">\n\t\t\t\t<div class=\"elementor-widget-container\">\n\t\t\t\t\t\t\t\t\t<p>Nous sommes pr\u00eats \u00e0 donner vie \u00e0 votre projet. Contactez-nous. <\/p>\t\t\t\t\t\t\t\t<\/div>\n\t\t\t\t<\/div>\n\t\t\t\t\t<\/div>\n\t\t\t\t<\/div>\n\t\t\t\t<\/div>\n\t\t","protected":false},"excerpt":{"rendered":"<p>Innovation et technologie Nous nous engageons \u00e0 soutenir vos grandes id\u00e9es ! Solutions acoustiques tourn\u00e9es vers l&#8217;avenir Chaque&#8230;<\/p>\n","protected":false},"author":1,"featured_media":0,"parent":0,"menu_order":0,"comment_status":"closed","ping_status":"closed","template":"","meta":{"_acf_changed":false,"rs_blank_template":"","rs_page_bg_color":"","slide_template_v7":"","footnotes":""},"class_list":["post-30741","page","type-page","status-publish","hentry"],"acf":[],"_links":{"self":[{"href":"https:\/\/www.lapodsfactory.com\/fr\/wp-json\/wp\/v2\/pages\/30741","targetHints":{"allow":["GET"]}}],"collection":[{"href":"https:\/\/www.lapodsfactory.com\/fr\/wp-json\/wp\/v2\/pages"}],"about":[{"href":"https:\/\/www.lapodsfactory.com\/fr\/wp-json\/wp\/v2\/types\/page"}],"author":[{"embeddable":true,"href":"https:\/\/www.lapodsfactory.com\/fr\/wp-json\/wp\/v2\/users\/1"}],"replies":[{"embeddable":true,"href":"https:\/\/www.lapodsfactory.com\/fr\/wp-json\/wp\/v2\/comments?post=30741"}],"version-history":[{"count":5,"href":"https:\/\/www.lapodsfactory.com\/fr\/wp-json\/wp\/v2\/pages\/30741\/revisions"}],"predecessor-version":[{"id":32956,"href":"https:\/\/www.lapodsfactory.com\/fr\/wp-json\/wp\/v2\/pages\/30741\/revisions\/32956"}],"wp:attachment":[{"href":"https:\/\/www.lapodsfactory.com\/fr\/wp-json\/wp\/v2\/media?parent=30741"}],"curies":[{"name":"wp","href":"https:\/\/api.w.org\/{rel}","templated":true}]}}