{"id":32590,"date":"2025-07-18T13:37:45","date_gmt":"2025-07-18T13:37:45","guid":{"rendered":"https:\/\/lapodsfactory.com\/politique-de-confidentialite\/"},"modified":"2025-12-21T15:40:28","modified_gmt":"2025-12-21T15:40:28","slug":"politique-de-confidentialite","status":"publish","type":"page","link":"https:\/\/www.lapodsfactory.com\/fr\/politique-de-confidentialite\/","title":{"rendered":"Politique de confidentialit\u00e9"},"content":{"rendered":"\t\t<div data-elementor-type=\"wp-page\" data-elementor-id=\"32590\" class=\"elementor elementor-32590 elementor-26312\" data-elementor-post-type=\"page\">\n\t\t\t\t\t\t<section class=\"elementor-section elementor-top-section elementor-element elementor-element-7fea575e elementor-section-height-min-height elementor-section-content-middle elementor-section-boxed elementor-section-height-default elementor-section-items-middle neuron-fixed-no\" data-id=\"7fea575e\" data-element_type=\"section\" data-e-type=\"section\" data-settings=\"{&quot;background_background&quot;:&quot;classic&quot;,&quot;ekit_has_onepagescroll_dot&quot;:&quot;yes&quot;}\">\n\t\t\t\t\t\t\t<div class=\"elementor-background-overlay\"><\/div>\n\t\t\t\t\t\t\t<div class=\"elementor-container elementor-column-gap-wide\">\n\t\t\t\t\t<div class=\"elementor-column elementor-col-100 elementor-top-column elementor-element elementor-element-23656ad\" data-id=\"23656ad\" data-element_type=\"column\" data-e-type=\"column\">\n\t\t\t<div class=\"elementor-widget-wrap elementor-element-populated\">\n\t\t\t\t\t\t<div class=\"elementor-element elementor-element-2c138690 elementor-widget elementor-widget-heading\" data-id=\"2c138690\" data-element_type=\"widget\" data-e-type=\"widget\" data-settings=\"{&quot;ekit_we_effect_on&quot;:&quot;none&quot;}\" data-widget_type=\"heading.default\">\n\t\t\t\t<div class=\"elementor-widget-container\">\n\t\t\t\t\t<h1 class=\"elementor-heading-title elementor-size-default\">Politique de confidentialit\u00e9<\/h1>\t\t\t\t<\/div>\n\t\t\t\t<\/div>\n\t\t\t\t\t<\/div>\n\t\t<\/div>\n\t\t\t\t\t<\/div>\n\t\t<\/section>\n\t\t<div class=\"elementor-element elementor-element-4641b73 e-flex e-con-boxed neuron-fixed-no e-con e-parent\" data-id=\"4641b73\" data-element_type=\"container\" data-e-type=\"container\" data-settings=\"{&quot;ekit_has_onepagescroll_dot&quot;:&quot;yes&quot;}\">\n\t\t\t\t\t<div class=\"e-con-inner\">\n\t\t\t\t<div class=\"elementor-element elementor-element-1a891f4 elementor-widget elementor-widget-text-editor\" data-id=\"1a891f4\" data-element_type=\"widget\" data-e-type=\"widget\" data-settings=\"{&quot;ekit_we_effect_on&quot;:&quot;none&quot;}\" data-widget_type=\"text-editor.default\">\n\t\t\t\t<div class=\"elementor-widget-container\">\n\t\t\t\t\t\t\t\t\t<p>Toutes vos informations personnelles collect\u00e9es seront utilis\u00e9es pour vous aider \u00e0 rendre votre visite sur notre site aussi productive et agr\u00e9able que possible. La garantie de la confidentialit\u00e9 des donn\u00e9es personnelles des utilisateurs de notre site est importante pour la plateforme. Toutes les informations personnelles relatives aux membres, abonn\u00e9s, clients ou visiteurs qui utilisent LA PODS FACTORY BY ABSTRACTIVEW seront trait\u00e9es conform\u00e9ment \u00e0 la loi sur la protection des donn\u00e9es personnelles du 26 octobre 1998 (loi n\u00b0 67\/98). Les informations personnelles collect\u00e9es peuvent inclure votre nom, votre adresse e-mail, votre num\u00e9ro de t\u00e9l\u00e9phone et\/ou de portable, votre adresse, votre date de naissance et\/ou d&#8217;autres informations. L&#8217;utilisation du site lapodsfactory.com implique l&#8217;acceptation du pr\u00e9sent accord de confidentialit\u00e9. L&#8217;\u00e9quipe de La Pods Factory by Abstracview se r\u00e9serve le droit de modifier cet accord sans pr\u00e9avis. Nous vous recommandons donc de consulter r\u00e9guli\u00e8rement notre politique de confidentialit\u00e9 afin de vous tenir inform\u00e9.<\/p><h5> <\/h5><h5 class=\"wp-block-heading\">LES ANNONCES<\/h5><p>Comme d&#8217;autres sites web, nous collectons et utilisons les informations contenues dans les annonces. Les informations contenues dans les annonces comprennent votre adresse IP (Internet Protocol), votre FAI (fournisseur d&#8217;acc\u00e8s \u00e0 Internet, tel que Sapo ou autre), le navigateur que vous avez utilis\u00e9 pour visiter notre site web (tel que Google Chrome ou Firefox), la dur\u00e9e de votre visite et les pages que vous avez consult\u00e9es sur notre site web. <\/p><h5> <\/h5><h5>LES COOKIES<\/h5><p>Nous utilisons des cookies pour stocker des informations, telles que vos pr\u00e9f\u00e9rences personnelles lorsque vous visitez notre site Web. Il peut s&#8217;agir d&#8217;une simple fen\u00eatre contextuelle ou d&#8217;un lien vers divers services que nous proposons, tels que des forums. Vous avez la possibilit\u00e9 de d\u00e9sactiver les cookies dans les options de votre navigateur ou d&#8217;apporter des modifications dans les outils des programmes antivirus, tels que Norton Internet Security. Cependant, cela peut modifier la fa\u00e7on dont vous interagissez avec notre site web ou d&#8217;autres sites web. Cela peut affecter ou emp\u00eacher votre connexion \u00e0 des programmes, sites web ou forums de notre r\u00e9seau et d&#8217;autres r\u00e9seaux.    <\/p><h5> <\/h5><h5>LIENS VERS DES SITES TIERS<\/h5><p>La Pods Factory by Abstracview contient des liens vers d&#8217;autres sites qui, \u00e0 notre avis, peuvent contenir des informations \/ outils utiles pour nos visiteurs. Notre politique de confidentialit\u00e9 ne s&#8217;applique pas aux sites tiers. Si vous visitez un autre site \u00e0 partir du n\u00f4tre, vous devez donc lire sa politique de confidentialit\u00e9. Nous ne sommes pas responsables de la politique de confidentialit\u00e9 ou du contenu de ces sites.  <\/p>\t\t\t\t\t\t\t\t<\/div>\n\t\t\t\t<\/div>\n\t\t\t\t\t<\/div>\n\t\t\t\t<\/div>\n\t\t\t\t<\/div>\n\t\t","protected":false},"excerpt":{"rendered":"<p>Politique de confidentialit\u00e9 Toutes vos informations personnelles collect\u00e9es seront utilis\u00e9es pour vous aider \u00e0 rendre votre visite sur&#8230;<\/p>\n","protected":false},"author":1,"featured_media":0,"parent":0,"menu_order":0,"comment_status":"closed","ping_status":"closed","template":"","meta":{"_acf_changed":false,"rs_blank_template":"","rs_page_bg_color":"","slide_template_v7":"","footnotes":""},"class_list":["post-32590","page","type-page","status-publish","hentry"],"acf":[],"_links":{"self":[{"href":"https:\/\/www.lapodsfactory.com\/fr\/wp-json\/wp\/v2\/pages\/32590","targetHints":{"allow":["GET"]}}],"collection":[{"href":"https:\/\/www.lapodsfactory.com\/fr\/wp-json\/wp\/v2\/pages"}],"about":[{"href":"https:\/\/www.lapodsfactory.com\/fr\/wp-json\/wp\/v2\/types\/page"}],"author":[{"embeddable":true,"href":"https:\/\/www.lapodsfactory.com\/fr\/wp-json\/wp\/v2\/users\/1"}],"replies":[{"embeddable":true,"href":"https:\/\/www.lapodsfactory.com\/fr\/wp-json\/wp\/v2\/comments?post=32590"}],"version-history":[{"count":3,"href":"https:\/\/www.lapodsfactory.com\/fr\/wp-json\/wp\/v2\/pages\/32590\/revisions"}],"predecessor-version":[{"id":35132,"href":"https:\/\/www.lapodsfactory.com\/fr\/wp-json\/wp\/v2\/pages\/32590\/revisions\/35132"}],"wp:attachment":[{"href":"https:\/\/www.lapodsfactory.com\/fr\/wp-json\/wp\/v2\/media?parent=32590"}],"curies":[{"name":"wp","href":"https:\/\/api.w.org\/{rel}","templated":true}]}}