{"id":33660,"date":"2025-12-12T13:02:31","date_gmt":"2025-12-12T13:02:31","guid":{"rendered":"https:\/\/lapodsfactory.com\/termini-e-condizioni\/"},"modified":"2025-12-21T15:39:04","modified_gmt":"2025-12-21T15:39:04","slug":"termini-e-condizioni","status":"publish","type":"page","link":"https:\/\/www.lapodsfactory.com\/it\/termini-e-condizioni\/","title":{"rendered":"Termini e condizioni"},"content":{"rendered":"\t\t<div data-elementor-type=\"wp-page\" data-elementor-id=\"33660\" class=\"elementor elementor-33660 elementor-32598\" data-elementor-post-type=\"page\">\n\t\t\t\t\t\t<section class=\"elementor-section elementor-top-section elementor-element elementor-element-1ee8a326 elementor-section-height-min-height elementor-section-content-middle elementor-section-boxed elementor-section-height-default elementor-section-items-middle neuron-fixed-no\" data-id=\"1ee8a326\" data-element_type=\"section\" data-e-type=\"section\" data-settings=\"{&quot;background_background&quot;:&quot;classic&quot;,&quot;ekit_has_onepagescroll_dot&quot;:&quot;yes&quot;}\">\n\t\t\t\t\t\t\t<div class=\"elementor-background-overlay\"><\/div>\n\t\t\t\t\t\t\t<div class=\"elementor-container elementor-column-gap-wide\">\n\t\t\t\t\t<div class=\"elementor-column elementor-col-100 elementor-top-column elementor-element elementor-element-2af14f5e\" data-id=\"2af14f5e\" data-element_type=\"column\" data-e-type=\"column\">\n\t\t\t<div class=\"elementor-widget-wrap elementor-element-populated\">\n\t\t\t\t\t\t\t<\/div>\n\t\t<\/div>\n\t\t\t\t\t<\/div>\n\t\t<\/section>\n\t\t<div class=\"elementor-element elementor-element-ac4d409 e-flex e-con-boxed neuron-fixed-no e-con e-parent\" data-id=\"ac4d409\" data-element_type=\"container\" data-e-type=\"container\" data-settings=\"{&quot;ekit_has_onepagescroll_dot&quot;:&quot;yes&quot;}\">\n\t\t\t\t\t<div class=\"e-con-inner\">\n\t\t\t\t<div class=\"elementor-element elementor-element-d107337 elementor-widget elementor-widget-text-editor\" data-id=\"d107337\" data-element_type=\"widget\" data-e-type=\"widget\" data-settings=\"{&quot;ekit_we_effect_on&quot;:&quot;none&quot;}\" data-widget_type=\"text-editor.default\">\n\t\t\t\t<div class=\"elementor-widget-container\">\n\t\t\t\t\t\t\t\t\t<p><strong>Termini e condizioni generali di utilizzo<\/strong><\/p><p><strong>1.<\/strong> Termini e condizioni generali di utilizzo<\/p><p><strong>1.1.<\/strong> Il presente documento contiene le norme applicabili all&#8217;utilizzo del sito web LA PODS FACTORY \u2013 BY ABSTRACTVIEW, disponibile all&#8217;indirizzo https:\/\/lapodsfactory.com\/ (di seguito \u201cSito web\u201d), che nel loro insieme costituiscono i Termini e condizioni generali di utilizzo del Sito web (di seguito \u201cTermini e condizioni\u201d). Accedendo al Sito web, l&#8217;utente (di seguito \u201cUtente\u201d) accetta di rispettare e ottemperare ai presenti Termini e Condizioni. Si prega di leggere attentamente i presenti Termini e Condizioni prima di utilizzare il Sito web. Nel caso in cui non si desideri essere vincolati ai presenti Termini e Condizioni, \u00e8 necessario astenersi dall&#8217;utilizzare il Sito web; in alcune circostanze, la mancata accettazione espressa dei Termini e Condizioni potrebbe rendere impossibile la navigazione sul Sito.   <\/p><p><strong>1.2.<\/strong> Il Sito \u00e8 gestito da LA PODS, NIPC 516.470.370, con sede a Esposende (di seguito \u201cAzienda\u201d).<\/p><p><strong>1.3.<\/strong> I dati di contatto dell&#8217;Azienda sono:<br>Email: <a href=\"mailto:geral@lapodsfactory.com\">geral@lapodsfactory.com<\/a> o<br>Codice postale: 4740-424<\/p><p><strong>1.4.<\/strong> L&#8217;Azienda si riserva il diritto di modificare qualsiasi parte del contenuto del Sito web, in qualsiasi momento, a sua esclusiva discrezione e senza preavviso.<\/p><p><strong>2.<\/strong> Privacy<\/p><p><strong>2.1.<\/strong> I dati personali degli Utenti raccolti dall&#8217;Azienda saranno trattati nel rigoroso rispetto e in conformit\u00e0 con la legislazione applicabile.<\/p><p><strong>2.2.<\/strong> Desideriamo che gli Utenti conoscano le regole generali in materia di privacy e trattamento dei dati che raccogliamo e trattiamo nell&#8217;ambito della messa a disposizione del Sito Web. Parte integrante dei presenti Termini e Condizioni \u00e8 la Politica sulla privacy del Sito Web (di seguito \u201cPolitica sulla privacy\u201d), che include le regole applicabili all&#8217;uso dei cookie e dei meccanismi di archiviazione e accesso alle informazioni. Si prega di leggere attentamente la Politica sulla privacy prima di utilizzare il sito web.  <\/p><p><strong>3.<\/strong> Utilizzo del sito web<\/p><p><strong>3.1.<\/strong> L&#8217;utente \u00e8 l&#8217;unico responsabile dell&#8217;utilizzo del sito web e dell&#8217;uso che ne fa, comprese le informazioni in esso contenute.<\/p><p><strong>3.2.<\/strong> \u00c8 espressamente vietato l&#8217;utilizzo del sito web per scopi illeciti o contrari alla legge, nonch\u00e9 per scopi commerciali o di business.<\/p><p><strong>3.3.<\/strong> L&#8217;Utente non potr\u00e0 interferire, in alcun modo legale o illegale, con il contenuto e le informazioni presenti sul sito web, impegnandosi a non utilizzare alcun dispositivo, software o routine in grado di influenzare o tentare di interferire con la disponibilit\u00e0 e l&#8217;accesso pubblico e\/o il corretto funzionamento del sito web, pena la responsabilit\u00e0 civile e penale per tali atti.<\/p><p><strong>3.4.<\/strong> La disponibilit\u00e0 del sito web potr\u00e0 essere sospesa o interrotta, temporaneamente o definitivamente, in qualsiasi momento e senza preavviso, in particolare per motivi di manutenzione, senza che tale sospensione o interruzione possa costituire motivo di richiesta di risarcimento, a qualsiasi titolo, da parte di qualsiasi utente.<\/p><p><strong>4.<\/strong> Propriet\u00e0 intellettuale e diritto all&#8217;immagine<\/p><p><strong>4.1.<\/strong> I contenuti, inclusi, a titolo esemplificativo ma non esaustivo, icone, immagini, grafici, testi, fotografie e funzionalit\u00e0 presenti sul sito web sono protetti da diritti di propriet\u00e0 intellettuale e\/o diritti della personalit\u00e0. Tali contenuti soggetti a diritti d&#8217;autore, propriet\u00e0 industriale, nomi di dominio e\/o diritti della personalit\u00e0 sono di propriet\u00e0 esclusiva delle Aziende o di terzi che ne hanno autorizzato l&#8217;uso sul Sito. <\/p><p><strong>4.2.<\/strong> Accedendo al sito, l&#8217;utente accetta di non copiare, riprodurre, alterare, modificare o divulgare pubblicamente alcun contenuto di questo sito e di non inserire o implementare alcun link a questo sito web in alcun sito web di propriet\u00e0, gestito e\/o operato da lui stesso o da terzi, suo datore di lavoro o meno, senza la previa autorizzazione espressa dell&#8217;Azienda o di terzi da essa preventivamente indicati, salvo che si tratti di informazioni personali e purch\u00e9 la copia di tali materiali sia conforme a quanto previsto dalla legislazione applicabile in materia di propriet\u00e0 intellettuale e mantenga eventuali note di propriet\u00e0 contenute nel materiale originale.<\/p><p><strong>4.3.<\/strong> O desrespeito por parte do Utilizador do fixado em 4.2. anterior implica, sem preju\u00edzo eventual responsabilidade civil e penal, a destrui\u00e7\u00e3o de quaisquer c\u00f3pias, reprodu\u00e7\u00f5es, transmiss\u00f5es ou outros trabalhos derivados e\/ou equivalentes realizados pelo Utilizador. <\/p><p><strong>4.4.<\/strong> Se l&#8217;Utente viene a conoscenza di qualsiasi uso improprio del Sito Web e dei relativi contenuti, accetta di notificarlo immediatamente alla Societ\u00e0 tramite uno dei mezzi di contatto indicati al punto 1.2. sopra. <\/p><p><strong>5.<\/strong> Siti web di terzi<\/p><p><strong>5.1.<\/strong> \u00c8 possibile che il sito web contenga collegamenti a siti web di terzi, che non sono gestiti o controllati dalla Societ\u00e0 e che avranno Termini e Condizioni e Politiche sulla Privacy propri e distinti da quelli di questo sito web. Tali collegamenti saranno inclusi solo per comodit\u00e0 dell&#8217;Utente, senza alcuna associazione o approvazione da parte della Societ\u00e0 a tali siti web e alle rispettive entit\u00e0 che li gestiscono, ai loro contenuti o alle loro funzionalit\u00e0. <\/p><p><strong>5.2.<\/strong> L&#8217;Azienda esclude sin d&#8217;ora qualsiasi responsabilit\u00e0 per i riferimenti a siti web di terzi, per il loro contenuto o per l&#8217;attivit\u00e0 svolta da tali siti web, compresa l&#8217;attivit\u00e0 pubblicitaria; l&#8217;Azienda non sar\u00e0 inoltre responsabile per eventuali danni o perdite derivanti, direttamente o indirettamente, dall&#8217;utilizzo di siti web di terzi.<\/p><p><strong>6.<\/strong> Limitazione di responsabilit\u00e0<\/p><p><strong>6.1.<\/strong> \u00c8 preoccupazione della Societ\u00e0 che il sito web corrisponda al livello di soddisfazione atteso dall&#8217;utente. Esistono tuttavia garanzie che non possono essere assunte, come qui disposto. <\/p><p><strong>6.2.<\/strong> Le informazioni disponibili sul sito web sono fornite \u201ccos\u00ec come sono\u201d, senza alcuna garanzia o condizione, espressa o implicita, in merito al contenuto del sito web o all&#8217;accuratezza o affidabilit\u00e0 di qualsiasi informazione o dichiarazione in esso contenuta, o istruzioni, consigli e opinioni. La Societ\u00e0 far\u00e0 tutto il possibile per includere informazioni accurate e aggiornate, ove possibile, ma non fornisce alcuna garanzia o dichiarazione in merito alla loro accuratezza o completezza. Tuttavia, sottolineiamo che la Societ\u00e0 non si assume alcun obbligo di aggiornare il contenuto. Si prega di tenere presente che le informazioni contenute nel sito web possono includere imprecisioni, errori tipografici o essere diventate obsolete.   <\/p><p><strong>6.3.<\/strong> In nessun caso la Societ\u00e0, l&#8217;agenzia fornitrice del servizio o i rispettivi rappresentanti legali o dipendenti saranno responsabili per eventuali perdite o danni diretti, indiretti o consequenziali derivanti, risultanti o correlati (i) all&#8217;uso o alle prestazioni del Sito, (ii) all&#8217;impossibilit\u00e0 di utilizzare il Sito da parte dell&#8217;Utente (iii) o all&#8217;affidamento su qualsiasi contenuto visualizzato sul Sito web.   <\/p><p><strong>7.<\/strong> Suggerimenti e commenti<\/p><p>Se desiderate fornire suggerimenti o commenti sul Sito web o se avete domande che desiderate chiarire, contattate l&#8217;Azienda tramite uno dei mezzi indicati al punto 1.2. sopra. <\/p><p><strong>8.<\/strong> Invalidit\u00e0<\/p><p>L&#8217;invalidit\u00e0 parziale di alcune delle Condizioni Generali non pregiudica la validit\u00e0 delle restanti, che rimangono pienamente valide ed efficaci; la parte interessata dall&#8217;invalidit\u00e0 sar\u00e0 regolata dalle norme suppletive applicabili, ricorrendo, se necessario, alle norme di integrazione dei negozi giuridici.<\/p><p><strong>9.<\/strong> Modifiche ai Termini e Condizioni<\/p><p><strong>9.1.<\/strong> La Societ\u00e0 si riserva il diritto di apportare in qualsiasi momento modifiche o alterazioni ai Termini e Condizioni, che saranno debitamente comunicate all&#8217;Utente attraverso il Sito Web, mediante avvisi specifici pubblicati sul Sito e previa richiesta di consenso dell&#8217;Utente a tali modifiche. L&#8217;Utente \u00e8 tenuto a consultare regolarmente i Termini e Condizioni. <\/p><p><strong>9.2.<\/strong> Se l&#8217;Utente non accetta i Termini e Condizioni modificati, dovr\u00e0 cessare l&#8217;utilizzo del Sito web.<\/p><p><strong>9.3.<\/strong> In caso di conflitto tra i presenti Termini e Condizioni e quelli che saranno successivamente pubblicati a seguito di modifiche, questi ultimi prevarranno sui primi.<\/p><p><strong>Ultimo aggiornamento: <\/strong>maggio 2018<\/p>\t\t\t\t\t\t\t\t<\/div>\n\t\t\t\t<\/div>\n\t\t\t\t\t<\/div>\n\t\t\t\t<\/div>\n\t\t\t\t<\/div>\n\t\t","protected":false},"excerpt":{"rendered":"<p>Termini e condizioni generali di utilizzo 1. Termini e condizioni generali di utilizzo 1.1. Il presente documento contiene&#8230;<\/p>\n","protected":false},"author":1,"featured_media":0,"parent":0,"menu_order":0,"comment_status":"closed","ping_status":"closed","template":"","meta":{"_acf_changed":false,"rs_blank_template":"","rs_page_bg_color":"","slide_template_v7":"","footnotes":""},"class_list":["post-33660","page","type-page","status-publish","hentry"],"acf":[],"_links":{"self":[{"href":"https:\/\/www.lapodsfactory.com\/it\/wp-json\/wp\/v2\/pages\/33660","targetHints":{"allow":["GET"]}}],"collection":[{"href":"https:\/\/www.lapodsfactory.com\/it\/wp-json\/wp\/v2\/pages"}],"about":[{"href":"https:\/\/www.lapodsfactory.com\/it\/wp-json\/wp\/v2\/types\/page"}],"author":[{"embeddable":true,"href":"https:\/\/www.lapodsfactory.com\/it\/wp-json\/wp\/v2\/users\/1"}],"replies":[{"embeddable":true,"href":"https:\/\/www.lapodsfactory.com\/it\/wp-json\/wp\/v2\/comments?post=33660"}],"version-history":[{"count":2,"href":"https:\/\/www.lapodsfactory.com\/it\/wp-json\/wp\/v2\/pages\/33660\/revisions"}],"predecessor-version":[{"id":35130,"href":"https:\/\/www.lapodsfactory.com\/it\/wp-json\/wp\/v2\/pages\/33660\/revisions\/35130"}],"wp:attachment":[{"href":"https:\/\/www.lapodsfactory.com\/it\/wp-json\/wp\/v2\/media?parent=33660"}],"curies":[{"name":"wp","href":"https:\/\/api.w.org\/{rel}","templated":true}]}}