{"id":34437,"date":"2025-07-18T13:37:45","date_gmt":"2025-07-18T13:37:45","guid":{"rendered":"https:\/\/lapodsfactory.com\/informativa-sulla-privacy\/"},"modified":"2025-12-21T15:41:23","modified_gmt":"2025-12-21T15:41:23","slug":"informativa-sulla-privacy","status":"publish","type":"page","link":"https:\/\/www.lapodsfactory.com\/it\/informativa-sulla-privacy\/","title":{"rendered":"Informativa sulla privacy"},"content":{"rendered":"\t\t<div data-elementor-type=\"wp-page\" data-elementor-id=\"34437\" class=\"elementor elementor-34437 elementor-26312\" data-elementor-post-type=\"page\">\n\t\t\t\t\t\t<section class=\"elementor-section elementor-top-section elementor-element elementor-element-7fea575e elementor-section-height-min-height elementor-section-content-middle elementor-section-boxed elementor-section-height-default elementor-section-items-middle neuron-fixed-no\" data-id=\"7fea575e\" data-element_type=\"section\" data-e-type=\"section\" data-settings=\"{&quot;background_background&quot;:&quot;classic&quot;,&quot;ekit_has_onepagescroll_dot&quot;:&quot;yes&quot;}\">\n\t\t\t\t\t\t\t<div class=\"elementor-background-overlay\"><\/div>\n\t\t\t\t\t\t\t<div class=\"elementor-container elementor-column-gap-wide\">\n\t\t\t\t\t<div class=\"elementor-column elementor-col-100 elementor-top-column elementor-element elementor-element-23656ad\" data-id=\"23656ad\" data-element_type=\"column\" data-e-type=\"column\">\n\t\t\t<div class=\"elementor-widget-wrap elementor-element-populated\">\n\t\t\t\t\t\t<div class=\"elementor-element elementor-element-2c138690 elementor-widget elementor-widget-heading\" data-id=\"2c138690\" data-element_type=\"widget\" data-e-type=\"widget\" data-settings=\"{&quot;ekit_we_effect_on&quot;:&quot;none&quot;}\" data-widget_type=\"heading.default\">\n\t\t\t\t<div class=\"elementor-widget-container\">\n\t\t\t\t\t<h1 class=\"elementor-heading-title elementor-size-default\">Informativa sulla privacy<\/h1>\t\t\t\t<\/div>\n\t\t\t\t<\/div>\n\t\t\t\t\t<\/div>\n\t\t<\/div>\n\t\t\t\t\t<\/div>\n\t\t<\/section>\n\t\t<div class=\"elementor-element elementor-element-4641b73 e-flex e-con-boxed neuron-fixed-no e-con e-parent\" data-id=\"4641b73\" data-element_type=\"container\" data-e-type=\"container\" data-settings=\"{&quot;ekit_has_onepagescroll_dot&quot;:&quot;yes&quot;}\">\n\t\t\t\t\t<div class=\"e-con-inner\">\n\t\t\t\t<div class=\"elementor-element elementor-element-1a891f4 elementor-widget elementor-widget-text-editor\" data-id=\"1a891f4\" data-element_type=\"widget\" data-e-type=\"widget\" data-settings=\"{&quot;ekit_we_effect_on&quot;:&quot;none&quot;}\" data-widget_type=\"text-editor.default\">\n\t\t\t\t<div class=\"elementor-widget-container\">\n\t\t\t\t\t\t\t\t\t<p>Tutte le informazioni personali raccolte saranno utilizzate per rendere la vostra visita al nostro sito il pi\u00f9 produttiva e piacevole possibile. La garanzia della riservatezza dei dati personali degli utenti del nostro sito \u00e8 importante per la piattaforma. Tutte le informazioni personali relative a membri, abbonati, clienti o visitatori che utilizzano LA PODS FACTORY BY ABSTRACTIVEW saranno trattate in conformit\u00e0 con la Legge sulla protezione dei dati personali del 26 ottobre 1998 (Legge n. 67\/98). Le informazioni personali raccolte possono includere il nome, l&#8217;indirizzo e-mail, il numero di telefono e\/o cellulare, l&#8217;indirizzo, la data di nascita e\/o altro. L&#8217;utilizzo del sito lapodsfactory.com presuppone l&#8217;accettazione del presente Accordo sulla privacy. Il team di La Pods Factory by Abstracview si riserva il diritto di modificare il presente accordo senza preavviso. Pertanto, ti consigliamo di consultare regolarmente la nostra politica sulla privacy per essere sempre aggiornato.<\/p><h5> <\/h5><h5 class=\"wp-block-heading\">OS AN\u00daNCIOS<\/h5><p>Come altri siti web, raccogliamo e utilizziamo le informazioni contenute negli annunci. Le informazioni contenute negli annunci includono il tuo indirizzo IP (Internet Protocol), il tuo ISP (Internet Service Provider, come Sapo o altro), il browser che hai utilizzato per visitare il nostro sito web (come Google Chrome o Firefox), la durata della tua visita e le pagine che hai visitato all&#8217;interno del nostro sito web. <\/p><h5> <\/h5><h5>COOKIES<\/h5><p>Utilizziamo i cookie per memorizzare informazioni, come le tue preferenze personali quando visiti il nostro sito web. Ci\u00f2 pu\u00f2 includere un semplice popup o un collegamento a vari servizi che forniamo, come i forum. Hai la possibilit\u00e0 di disattivare i cookie nelle opzioni del browser o di apportare modifiche agli strumenti dei programmi antivirus, come Norton Internet Security. Tuttavia, ci\u00f2 potrebbe modificare il modo in cui interagisci con il nostro sito web o con altri siti web. Potrebbe influire o impedire l&#8217;accesso a programmi, siti o forum della nostra rete e di altre reti.    <\/p><h5> <\/h5><h5>COLLEGAMENTI A SITI DI TERZE PARTI<\/h5><p>La Pods Factory by Abstracview contiene collegamenti ad altri siti web che, a nostro avviso, possono contenere informazioni\/strumenti utili per i nostri visitatori. La nostra politica sulla privacy non si applica ai siti web di terzi, pertanto, se visitate un altro sito web dal nostro, dovete leggere la sua politica sulla privacy. Non siamo responsabili della politica sulla privacy o dei contenuti presenti su tali siti web.  <\/p>\t\t\t\t\t\t\t\t<\/div>\n\t\t\t\t<\/div>\n\t\t\t\t\t<\/div>\n\t\t\t\t<\/div>\n\t\t\t\t<\/div>\n\t\t","protected":false},"excerpt":{"rendered":"<p>Informativa sulla privacy Tutte le informazioni personali raccolte saranno utilizzate per rendere la vostra visita al nostro sito&#8230;<\/p>\n","protected":false},"author":1,"featured_media":0,"parent":0,"menu_order":0,"comment_status":"closed","ping_status":"closed","template":"","meta":{"_acf_changed":false,"rs_blank_template":"","rs_page_bg_color":"","slide_template_v7":"","footnotes":""},"class_list":["post-34437","page","type-page","status-publish","hentry"],"acf":[],"_links":{"self":[{"href":"https:\/\/www.lapodsfactory.com\/it\/wp-json\/wp\/v2\/pages\/34437","targetHints":{"allow":["GET"]}}],"collection":[{"href":"https:\/\/www.lapodsfactory.com\/it\/wp-json\/wp\/v2\/pages"}],"about":[{"href":"https:\/\/www.lapodsfactory.com\/it\/wp-json\/wp\/v2\/types\/page"}],"author":[{"embeddable":true,"href":"https:\/\/www.lapodsfactory.com\/it\/wp-json\/wp\/v2\/users\/1"}],"replies":[{"embeddable":true,"href":"https:\/\/www.lapodsfactory.com\/it\/wp-json\/wp\/v2\/comments?post=34437"}],"version-history":[{"count":2,"href":"https:\/\/www.lapodsfactory.com\/it\/wp-json\/wp\/v2\/pages\/34437\/revisions"}],"predecessor-version":[{"id":35135,"href":"https:\/\/www.lapodsfactory.com\/it\/wp-json\/wp\/v2\/pages\/34437\/revisions\/35135"}],"wp:attachment":[{"href":"https:\/\/www.lapodsfactory.com\/it\/wp-json\/wp\/v2\/media?parent=34437"}],"curies":[{"name":"wp","href":"https:\/\/api.w.org\/{rel}","templated":true}]}}